{"id":2454,"date":"2025-07-08T09:13:30","date_gmt":"2025-07-08T09:13:30","guid":{"rendered":"https:\/\/www.telaled.com\/?post_type=product&#038;p=2454"},"modified":"2026-01-02T08:05:20","modified_gmt":"2026-01-02T08:05:20","slug":"modulo-painel-de-led-p2-976","status":"publish","type":"product","link":"https:\/\/www.telaled.com\/cs\/fabrica\/modulo-painel-de-led-p2-976\/","title":{"rendered":"Modul LED panelu P2.976"},"content":{"rendered":"<div id=\"featurebullets_feature_div\" class=\"celwidget\" data-feature-name=\"featurebullets\" data-csa-c-type=\"widget\" data-csa-c-content-id=\"featurebullets\" data-csa-c-slot-id=\"featurebullets_feature_div\" data-csa-c-asin=\"B07DF32D6Q\" data-csa-c-is-in-initial-active-row=\"false\" data-csa-c-id=\"3j0pnl-7cjnp-9t8psx-tspeog\">\n<div id=\"feature-bullets\" class=\"a-section a-spacing-medium a-spacing-top-small\">\n<div data-zone-id=\"0\" data-line-index=\"0\" data-line=\"true\">\n<p><strong>Hlavn\u00ed aplikace:<\/strong><\/p>\n<ul>\n<li><strong>Intern\u00ed digit\u00e1ln\u00ed zna\u010den\u00ed:<\/strong> Ide\u00e1ln\u00ed pro oblasti s vysokou frekvenc\u00ed provozu, jako jsou n\u00e1kupn\u00ed centra, leti\u0161t\u011b a firemn\u00ed prost\u0159ed\u00ed.<\/li>\n<li><strong><a href=\"https:\/\/www.telaled.com\/cs\/telao-de-led-para-eventos\/\">Ud\u00e1losti<\/a> a v\u00fdstavy<\/strong>Ide\u00e1ln\u00ed pro v\u00fdstavy, veletrhy a \u017eiv\u00e9 akce, kter\u00e9 vy\u017eaduj\u00ed vysoce kvalitn\u00ed vizu\u00e1ln\u00ed zdroje velk\u00e9ho rozsahu.<\/li>\n<li><strong>\u0158\u00eddic\u00ed m\u00edstnosti:<\/strong> Vynikaj\u00edc\u00ed pro monitorovac\u00ed stanice nebo velitelsk\u00e1 centra, kter\u00e1 vy\u017eaduj\u00ed jasn\u00e9 informace v re\u00e1ln\u00e9m \u010dase.<\/li>\n<li><strong>P\u0159enos:<\/strong> Nab\u00edz\u00ed vynikaj\u00edc\u00ed ostrost obrazu pro studia a redakce, kter\u00e9 vy\u017eaduj\u00ed p\u0159esn\u00e9 zobrazen\u00ed.<\/li>\n<\/ul>\n<p><strong>Osv\u011bd\u010den\u00e1 technologie:<\/strong><\/p>\n<ul>\n<li>IP40\/IP50 \u2013 Odolnost proti prachu a vlhkosti.<\/li>\n<li>16bitov\u00fd gradient (281 bilion\u016f barev) \u2013 fotorealistick\u00fd.<\/li>\n<li>Certifikace CE\/RoHS\/ISO9001 \u2013 Zaru\u010den\u00e1 pr\u016fmyslov\u00e1 kvalita.<\/li>\n<\/ul>\n<p><img loading=\"lazy\" decoding=\"async\" class=\"alignnone wp-image-2017 size-full\" src=\"https:\/\/www.telaled.com\/wp-content\/uploads\/2023\/06\/quality-led-module-materials-1.webp\" alt=\"kvalitn\u00ed modul\u00e1rn\u00ed materi\u00e1ly\" width=\"768\" height=\"555\" srcset=\"https:\/\/www.telaled.com\/wp-content\/uploads\/2023\/06\/quality-led-module-materials-1.webp 768w, https:\/\/www.telaled.com\/wp-content\/uploads\/2023\/06\/quality-led-module-materials-1-300x217.webp 300w, https:\/\/www.telaled.com\/wp-content\/uploads\/2023\/06\/quality-led-module-materials-1-18x12.webp 18w, https:\/\/www.telaled.com\/wp-content\/uploads\/2023\/06\/quality-led-module-materials-1-600x434.webp 600w\" sizes=\"auto, (max-width: 768px) 100vw, 768px\" \/><\/p>\n<\/div>\n<\/div>\n<\/div>\n<div data-feature-name=\"acf-carousel\" data-csa-c-type=\"widget\" data-csa-c-content-id=\"acf-carousel\" data-csa-c-slot-id=\"acf-carousel_feature_div\" data-csa-c-asin=\"B07DF32D6Q\" data-csa-c-is-in-initial-active-row=\"false\" data-csa-c-id=\"oqpgyr-mh4egp-nntzd2-kyiiqq\">\n<table id=\"tablepress-22\" class=\"tablepress tablepress-id-22\">\n<thead>\n<tr class=\"row-1\">\n\t<th colspan=\"4\" class=\"column-1\">Technick\u00e9 detaily<\/th>\n<\/tr>\n<\/thead>\n<tbody class=\"row-striping row-hover\">\n<tr class=\"row-2\">\n\t<td class=\"column-1\">\u010c\u00edslo modelu<\/td><td class=\"column-2\">Modul LED panelu TL \u2013 P2.976<\/td><td class=\"column-3\"><\/td><td class=\"column-4\"><\/td>\n<\/tr>\n<tr class=\"row-3\">\n\t<td class=\"column-1\">N\u00e1zev zna\u010dky<\/td><td class=\"column-2\">V\u00fdrobce TELALED<\/td><td class=\"column-3\">Plochost obrazovky<\/td><td class=\"column-4\">&lt;\u00b11 mm<\/td>\n<\/tr>\n<tr class=\"row-4\">\n\t<td class=\"column-1\">M\u00edsto p\u016fvodu<\/td><td class=\"column-2\">Kuang-tung, \u010c\u00edna<\/td><td class=\"column-3\">St\u0159edn\u00ed doba mezi poruchami (MTBF)<\/td><td class=\"column-4\">&gt;10 000 hodin<\/td>\n<\/tr>\n<tr class=\"row-5\">\n\t<td class=\"column-1\">Vzd\u00e1lenost mezi pixely<\/td><td class=\"column-2\">2,976 P<\/td><td class=\"column-3\">Doba pou\u017eitelnosti<\/td><td class=\"column-4\">&gt;100 000 hodin<\/td>\n<\/tr>\n<tr class=\"row-6\">\n\t<td class=\"column-1\">Minim\u00e1ln\u00ed pozorovac\u00ed vzd\u00e1lenost<\/td><td class=\"column-2\">3m<\/td><td class=\"column-3\">Provozn\u00ed nap\u011bt\u00ed displeje<\/td><td class=\"column-4\">AC46\uff5e54HZ, 220V\u00b115%\/110V\u00b115%<\/td>\n<\/tr>\n<tr class=\"row-7\">\n\t<td class=\"column-1\">Konfigurace LED<\/td><td class=\"column-2\">SMD2121<\/td><td class=\"column-3\">\u00datlum sv\u011btla<\/td><td class=\"column-4\">&lt;3%<\/td>\n<\/tr>\n<tr class=\"row-8\">\n\t<td class=\"column-1\">Rozli\u0161en\u00ed modulu<\/td><td class=\"column-2\">84x84 pixel\u016f<\/td><td class=\"column-3\">Svodov\u00fd proud<\/td><td class=\"column-4\">&lt;3mA<\/td>\n<\/tr>\n<tr class=\"row-9\">\n\t<td class=\"column-1\">Pixely modul\u016f<\/td><td class=\"column-2\">7056 pixel\u016f<\/td><td class=\"column-3\">Stupe\u0148 kryt\u00ed IP<\/td><td class=\"column-4\">Zadn\u00ed strana: IP40 \/ P\u0159edn\u00ed strana: IP50<\/td>\n<\/tr>\n<tr class=\"row-10\">\n\t<td class=\"column-1\">Velikost modulu<\/td><td class=\"column-2\">D250 mm * V250 mm * T14<\/td><td class=\"column-3\">Teplota a vlhkost na pracovi\u0161ti<\/td><td class=\"column-4\">Teplota: -20 \u00b0C a\u017e +60 \u00b0C \/ Vlhkost: 10% a\u017e 90% RH<\/td>\n<\/tr>\n<tr class=\"row-11\">\n\t<td class=\"column-1\">Velikost sk\u0159\u00edn\u011b<\/td><td class=\"column-2\">500 mm * 500 mm<\/td><td class=\"column-3\">Podporovan\u00e1 m\u00e9dia<\/td><td class=\"column-4\">Technick\u00e9 specifikace, Fotografie, CAD modely, Video<\/td>\n<\/tr>\n<tr class=\"row-12\">\n\t<td class=\"column-1\">Konfigurace pixel\u016f<\/td><td class=\"column-2\">SMD3-v-1, plnobarevn\u00fd R\/G\/B 1:1:1<\/td><td class=\"column-3\">Funkce<\/td><td class=\"column-4\">SDK<\/td>\n<\/tr>\n<tr class=\"row-13\">\n\t<td class=\"column-1\">Vyv\u00e1\u017een\u00fd lesk<\/td><td class=\"column-2\">1000 cd\/m\u00b2 (vnit\u0159n\u00ed)<\/td><td class=\"column-3\">Re\u017eim ovl\u00e1d\u00e1n\u00ed<\/td><td class=\"column-4\">Synchronizace s \u0159\u00eddic\u00edm po\u010d\u00edta\u010dem p\u0159es DVI<\/td>\n<\/tr>\n<tr class=\"row-14\">\n\t<td class=\"column-1\">Metoda pohonu<\/td><td class=\"column-2\">1\/28 skenov\u00e1n\u00ed<\/td><td class=\"column-3\">Podporovan\u00fd software<\/td><td class=\"column-4\">Windows XP\/W7\/Vista<\/td>\n<\/tr>\n<tr class=\"row-15\">\n\t<td class=\"column-1\">Obnovovac\u00ed frekvence<\/td><td class=\"column-2\">\u22651920 Hz<\/td><td class=\"column-3\">\u0158\u00eddic\u00ed syst\u00e9m<\/td><td class=\"column-4\">DVI karta + \u0159adi\u010d plnobarevn\u00e9ho sign\u00e1lu + optick\u00e9 vl\u00e1kno (voliteln\u00e9)<\/td>\n<\/tr>\n<tr class=\"row-16\">\n\t<td class=\"column-1\">Zm\u011bna frekvence detekce<\/td><td class=\"column-2\">50\u201360 Hz<\/td><td class=\"column-3\">Zna\u010dka hlavn\u00edho \u0159\u00eddic\u00edho syst\u00e9mu<\/td><td class=\"column-4\">Novastar, Linsn, Huidu, Colorlight<\/td>\n<\/tr>\n<tr class=\"row-17\">\n\t<td class=\"column-1\">Pozorovac\u00ed \u00fahel<\/td><td class=\"column-2\">H140\u00b0 V120\u00b0<\/td><td class=\"column-3\">Rozhran\u00ed<\/td><td class=\"column-4\">Standardn\u00ed Ethernet<\/td>\n<\/tr>\n<tr class=\"row-18\">\n\t<td class=\"column-1\">M\u00edra ne\u010dinnosti<\/td><td class=\"column-2\">\u22641%<\/td><td class=\"column-3\">P\u0159enosov\u00e1 vzd\u00e1lenost<\/td><td class=\"column-4\">V\u00edcem\u00f3dov\u00e9 vl\u00e1kno <500m >\n<\/tr>\n<tr class=\"row-19\">\n\t<td class=\"column-1\">Energetick\u00fd odpad<\/td><td class=\"column-2\">700*1000 W\/m2<\/td><td class=\"column-3\">Z\u00e1ruka<\/td><td class=\"column-4\">5 let<\/td>\n<\/tr>\n<tr class=\"row-20\">\n\t<td class=\"column-1\">Pr\u016fm\u011brn\u00e1 spot\u0159eba energie<\/td><td class=\"column-2\">360 W\/m2<\/td><td class=\"column-3\">Typ dodavatele<\/td><td class=\"column-4\">P\u016fvodn\u00ed v\u00fdrobce\/ODM\/OEM<\/td>\n<\/tr>\n<tr class=\"row-21\">\n\t<td class=\"column-1\">\u00darove\u0148 \u0161edi<\/td><td class=\"column-2\">16 bit\u016f (281 bilion\u016f barev) \/ 65 536 odst\u00edn\u016f na prim\u00e1rn\u00ed barvu<\/td><td class=\"column-3\">Dodac\u00ed lh\u016fta<\/td><td class=\"column-4\">25 (nebo dohodou)<\/td>\n<\/tr>\n<tr class=\"row-22\">\n\t<td class=\"column-1\">Barva displeje<\/td><td class=\"column-2\">16 milion\u016f<\/td><td class=\"column-3\">Aplikace<\/td><td class=\"column-4\">Reklama\/Interi\u00e9r\/Exteri\u00e9r<\/td>\n<\/tr>\n<tr class=\"row-23\">\n\t<td class=\"column-1\">Nep\u0159eru\u0161ovan\u00e1 pracovn\u00ed doba<\/td><td class=\"column-2\">\u226572 hodin<\/td><td class=\"column-3\">Pou\u017eit\u00ed<\/td><td class=\"column-4\">Digit\u00e1ln\u00ed reklama, N\u00e1kupn\u00ed centra, Uv\u00edtac\u00ed displeje, V\u00fdstavn\u00ed haly, Leti\u0161t\u011b, Kostely, Sport, Akce, Sch\u016fzky, Pron\u00e1jmy, P\u00f3dia, Automobilov\u00fd pr\u016fmysl, Maloobchod, Svatby<\/td>\n<\/tr>\n<tr class=\"row-24\">\n\t<td class=\"column-1\">Diskr\u00e9tn\u00ed m\u00edra slep\u00e9ho \u00fahlu<\/td><td class=\"column-2\"><1><td class=\"column-3\">Podrobnosti o balen\u00ed<\/td><td class=\"column-4\">Zes\u00edlen\u00e1 kartonov\u00e1 krabice + d\u0159evo<\/td>\n<\/tr>\n<tr class=\"row-25\">\n\t<td class=\"column-1\">Kontinu\u00e1ln\u00ed m\u00edra slep\u00e9ho \u00fahlu<\/td><td class=\"column-2\">\u017d\u00e1dn\u00fd<\/td><td class=\"column-3\">Kapacita dod\u00e1vek<\/td><td class=\"column-4\">5 000 jednotek\/m\u011bs\u00edc<\/td>\n<\/tr>\n<tr class=\"row-26\">\n\t<td class=\"column-1\">M\u00edra slep\u00e9ho \u00fahlu<\/td><td class=\"column-2\"><1><td class=\"column-3\">P\u0159\u00edstav<\/td><td class=\"column-4\">\u0160en-\u010den<\/td>\n<\/tr>\n<\/tbody>\n<\/table>\n<\/div>\n<div id=\"provenanceCertifications_feature_div\" class=\"celwidget\" data-feature-name=\"provenanceCertifications\" data-csa-c-type=\"widget\" data-csa-c-content-id=\"provenanceCertifications\" data-csa-c-slot-id=\"provenanceCertifications_feature_div\" data-csa-c-asin=\"B07DF32D6Q\" data-csa-c-is-in-initial-active-row=\"false\" data-csa-c-id=\"6t8ho-xbknmj-nqaso5-ne24gd\">\n<div id=\"provenance-certifications\" class=\"a-section a-spacing-medium a-spacing-top-micro\">\u00a0<\/div>\n<\/div>","protected":false},"excerpt":{"rendered":"<p><strong>LED panelov\u00fd modul P2.976 \u2013 Vnit\u0159n\u00ed obrazovka s vysok\u00fdm rozli\u0161en\u00edm, vynikaj\u00edc\u00edmi barvami a jasem<\/strong><\/p>\n<p>O <strong>Modul LED panelu P2.976<\/strong> D\u00edky vysok\u00e9mu rozli\u0161en\u00ed nab\u00edz\u00ed v\u00fdjime\u010dn\u00fd z\u00e1\u017eitek ze zobrazen\u00ed v interi\u00e9ru. Tento modul, ide\u00e1ln\u00ed pro \u0161irokou \u0161k\u00e1lu aplikac\u00ed, poskytuje z\u00e1\u0159iv\u00fd a ostr\u00fd obraz a spolehliv\u00fd v\u00fdkon, co\u017e z n\u011bj \u010din\u00ed ide\u00e1ln\u00ed volbu pro digit\u00e1ln\u00ed signage, akce a dal\u0161\u00ed profesion\u00e1ln\u00ed prost\u0159ed\u00ed.,<\/p>\n<p><strong>Hlavn\u00ed v\u00fdhody:<\/strong><br \/>\n<strong><br \/>\n\u2714 Rozte\u010d pixel\u016f 2,976 mm: <\/strong>Umo\u017e\u0148uje to <a href=\"https:\/\/www.telaled.com\/cs\/densidade-de-pixels-em-telas-de-led-e-lcd\/\">hustota pixel\u016f<\/a> Ultratenk\u00fd displej zaji\u0161\u0165uje vysok\u00e9 rozli\u0161en\u00ed obrazovky s minimem viditeln\u00fdch pixel\u016f, a to i p\u0159i pohledu na kr\u00e1tkou vzd\u00e1lenost.<strong><br \/>\n<\/strong><\/p>\n<p><strong>\u2714 Vysok\u00e1 obnovovac\u00ed frekvence \u22651920 Hz:<\/strong> Zaji\u0161\u0165uje obraz bez blik\u00e1n\u00ed a plynul\u00e9 p\u0159ehr\u00e1v\u00e1n\u00ed videa, co\u017e je kl\u00ed\u010dov\u00e9 pro vysokorychlostn\u00ed vys\u00edl\u00e1n\u00ed a obsah.<strong><br \/>\n<\/strong><\/p>\n<p><strong>\u2714 \u0160irok\u00fd barevn\u00fd gamut \u2265120% NTSC:<\/strong> Nab\u00edz\u00ed vylep\u0161enou p\u0159esnost a konzistenci barev a pokr\u00fdv\u00e1 \u0161irok\u00e9 spektrum pro realistick\u00fd obraz.<\/p>\n<p><strong>\u2714 Vysok\u00fd jas \u22651000 nit\u016f: <\/strong>Zaji\u0161\u0165uje viditelnost v r\u016fzn\u00fdch vnit\u0159n\u00edch sv\u011bteln\u00fdch podm\u00ednk\u00e1ch.<strong><br \/>\n<\/strong><\/p>","protected":false},"featured_media":2693,"template":"","meta":[],"product_brand":[],"product_cat":[41],"product_tag":[],"class_list":{"0":"post-2454","1":"product","2":"type-product","3":"status-publish","4":"has-post-thumbnail","6":"product_cat-modulo-painel-de-led","8":"first","9":"instock","10":"shipping-taxable","11":"product-type-simple"},"yoast_head":"<!-- This site is optimized with the Yoast SEO plugin v27.4 - https:\/\/yoast.com\/product\/yoast-seo-wordpress\/ -->\n<title>Modulo Painel de LED P2.976 |Tela de LED de Alta Qualidade para M\u00e1ximo Impacto |TELALED<\/title>\n<meta name=\"description\" content=\"Obtenha visuais vibrantes e de alta resolu\u00e7\u00e3o com o Modulo Painel de LED P2.976. Perfeito para displays internos, eventos e sinaliza\u00e7\u00e3o. Fa\u00e7a seu pedido agora para obter um desempenho superior.\" \/>\n<meta name=\"robots\" content=\"index, follow, max-snippet:-1, max-image-preview:large, max-video-preview:-1\" \/>\n<link rel=\"canonical\" href=\"https:\/\/www.telaled.com\/cs\/fabrica\/modulo-painel-de-led-p2-976\/\" \/>\n<meta property=\"og:locale\" content=\"cs_CZ\" \/>\n<meta property=\"og:type\" content=\"article\" \/>\n<meta property=\"og:title\" content=\"Modulo Painel de LED P2.976 |Tela de LED de Alta Qualidade para M\u00e1ximo Impacto |TELALED\" \/>\n<meta property=\"og:description\" content=\"Obtenha visuais vibrantes e de alta resolu\u00e7\u00e3o com o Modulo Painel de LED P2.976. Perfeito para displays internos, eventos e sinaliza\u00e7\u00e3o. Fa\u00e7a seu pedido agora para obter um desempenho superior.\" \/>\n<meta property=\"og:url\" content=\"https:\/\/www.telaled.com\/cs\/fabrica\/modulo-painel-de-led-p2-976\/\" \/>\n<meta property=\"og:site_name\" content=\"TELALED\" \/>\n<meta property=\"article:modified_time\" content=\"2026-01-02T08:05:20+00:00\" \/>\n<meta property=\"og:image\" content=\"https:\/\/www.telaled.com\/wp-content\/uploads\/2025\/07\/modulo-painel-de-led-p2.976-1-1.webp\" \/>\n\t<meta property=\"og:image:width\" content=\"500\" \/>\n\t<meta property=\"og:image:height\" content=\"500\" \/>\n\t<meta property=\"og:image:type\" content=\"image\/webp\" \/>\n<meta name=\"twitter:card\" content=\"summary_large_image\" \/>\n<meta name=\"twitter:label1\" content=\"Est. reading time\" \/>\n\t<meta name=\"twitter:data1\" content=\"1 minuta\" \/>\n<script type=\"application\/ld+json\" class=\"yoast-schema-graph\">{\"@context\":\"https:\\\/\\\/schema.org\",\"@graph\":[{\"@type\":\"WebPage\",\"@id\":\"https:\\\/\\\/www.telaled.com\\\/fabrica\\\/modulo-painel-de-led-p2-976\\\/\",\"url\":\"https:\\\/\\\/www.telaled.com\\\/fabrica\\\/modulo-painel-de-led-p2-976\\\/\",\"name\":\"Modulo Painel de LED P2.976 |Tela de LED de Alta Qualidade para M\u00e1ximo Impacto |TELALED\",\"isPartOf\":{\"@id\":\"https:\\\/\\\/www.telaled.com\\\/#website\"},\"primaryImageOfPage\":{\"@id\":\"https:\\\/\\\/www.telaled.com\\\/fabrica\\\/modulo-painel-de-led-p2-976\\\/#primaryimage\"},\"image\":{\"@id\":\"https:\\\/\\\/www.telaled.com\\\/fabrica\\\/modulo-painel-de-led-p2-976\\\/#primaryimage\"},\"thumbnailUrl\":\"https:\\\/\\\/www.telaled.com\\\/wp-content\\\/uploads\\\/2025\\\/07\\\/modulo-painel-de-led-p2.976-1-1.webp\",\"datePublished\":\"2025-07-08T09:13:30+00:00\",\"dateModified\":\"2026-01-02T08:05:20+00:00\",\"description\":\"Obtenha visuais vibrantes e de alta resolu\u00e7\u00e3o com o Modulo Painel de LED P2.976. Perfeito para displays internos, eventos e sinaliza\u00e7\u00e3o. Fa\u00e7a seu pedido agora para obter um desempenho superior.\",\"breadcrumb\":{\"@id\":\"https:\\\/\\\/www.telaled.com\\\/fabrica\\\/modulo-painel-de-led-p2-976\\\/#breadcrumb\"},\"inLanguage\":\"cs\",\"potentialAction\":[{\"@type\":\"ReadAction\",\"target\":[\"https:\\\/\\\/www.telaled.com\\\/fabrica\\\/modulo-painel-de-led-p2-976\\\/\"]}]},{\"@type\":\"ImageObject\",\"inLanguage\":\"cs\",\"@id\":\"https:\\\/\\\/www.telaled.com\\\/fabrica\\\/modulo-painel-de-led-p2-976\\\/#primaryimage\",\"url\":\"https:\\\/\\\/www.telaled.com\\\/wp-content\\\/uploads\\\/2025\\\/07\\\/modulo-painel-de-led-p2.976-1-1.webp\",\"contentUrl\":\"https:\\\/\\\/www.telaled.com\\\/wp-content\\\/uploads\\\/2025\\\/07\\\/modulo-painel-de-led-p2.976-1-1.webp\",\"width\":500,\"height\":500,\"caption\":\"modulo-painel-de-led-p2.976 (1)\"},{\"@type\":\"BreadcrumbList\",\"@id\":\"https:\\\/\\\/www.telaled.com\\\/fabrica\\\/modulo-painel-de-led-p2-976\\\/#breadcrumb\",\"itemListElement\":[{\"@type\":\"ListItem\",\"position\":1,\"name\":\"Home\",\"item\":\"https:\\\/\\\/www.telaled.com\\\/\"},{\"@type\":\"ListItem\",\"position\":2,\"name\":\"Produtos\",\"item\":\"https:\\\/\\\/www.telaled.com\\\/shop\\\/\"},{\"@type\":\"ListItem\",\"position\":3,\"name\":\"Modulo Painel de LED P2.976\"}]},{\"@type\":\"WebSite\",\"@id\":\"https:\\\/\\\/www.telaled.com\\\/#website\",\"url\":\"https:\\\/\\\/www.telaled.com\\\/\",\"name\":\"TELALED\",\"description\":\"\",\"potentialAction\":[{\"@type\":\"SearchAction\",\"target\":{\"@type\":\"EntryPoint\",\"urlTemplate\":\"https:\\\/\\\/www.telaled.com\\\/?s={search_term_string}\"},\"query-input\":{\"@type\":\"PropertyValueSpecification\",\"valueRequired\":true,\"valueName\":\"search_term_string\"}}],\"inLanguage\":\"cs\"}]}<\/script>\n<!-- \/ Yoast SEO plugin. -->","yoast_head_json":{"title":"LED panelov\u00fd modul P2.976 | Vysoce kvalitn\u00ed LED obrazovka pro maxim\u00e1ln\u00ed dopad | LED obrazovka","description":"Z\u00edskejte z\u00e1\u0159iv\u00fd obraz s vysok\u00fdm rozli\u0161en\u00edm s LED panelov\u00fdm modulem P2.976. Ide\u00e1ln\u00ed pro vnit\u0159n\u00ed displeje, akce a cedule. Objednejte si sv\u016fj nyn\u00ed a z\u00edskejte vynikaj\u00edc\u00ed v\u00fdkon.","robots":{"index":"index","follow":"follow","max-snippet":"max-snippet:-1","max-image-preview":"max-image-preview:large","max-video-preview":"max-video-preview:-1"},"canonical":"https:\/\/www.telaled.com\/cs\/fabrica\/modulo-painel-de-led-p2-976\/","og_locale":"cs_CZ","og_type":"article","og_title":"Modulo Painel de LED P2.976 |Tela de LED de Alta Qualidade para M\u00e1ximo Impacto |TELALED","og_description":"Obtenha visuais vibrantes e de alta resolu\u00e7\u00e3o com o Modulo Painel de LED P2.976. Perfeito para displays internos, eventos e sinaliza\u00e7\u00e3o. Fa\u00e7a seu pedido agora para obter um desempenho superior.","og_url":"https:\/\/www.telaled.com\/cs\/fabrica\/modulo-painel-de-led-p2-976\/","og_site_name":"TELALED","article_modified_time":"2026-01-02T08:05:20+00:00","og_image":[{"width":500,"height":500,"url":"https:\/\/www.telaled.com\/wp-content\/uploads\/2025\/07\/modulo-painel-de-led-p2.976-1-1.webp","type":"image\/webp"}],"twitter_card":"summary_large_image","twitter_misc":{"Est. reading time":"1 minuta"},"schema":{"@context":"https:\/\/schema.org","@graph":[{"@type":"WebPage","@id":"https:\/\/www.telaled.com\/fabrica\/modulo-painel-de-led-p2-976\/","url":"https:\/\/www.telaled.com\/fabrica\/modulo-painel-de-led-p2-976\/","name":"LED panelov\u00fd modul P2.976 | Vysoce kvalitn\u00ed LED obrazovka pro maxim\u00e1ln\u00ed dopad | LED obrazovka","isPartOf":{"@id":"https:\/\/www.telaled.com\/#website"},"primaryImageOfPage":{"@id":"https:\/\/www.telaled.com\/fabrica\/modulo-painel-de-led-p2-976\/#primaryimage"},"image":{"@id":"https:\/\/www.telaled.com\/fabrica\/modulo-painel-de-led-p2-976\/#primaryimage"},"thumbnailUrl":"https:\/\/www.telaled.com\/wp-content\/uploads\/2025\/07\/modulo-painel-de-led-p2.976-1-1.webp","datePublished":"2025-07-08T09:13:30+00:00","dateModified":"2026-01-02T08:05:20+00:00","description":"Z\u00edskejte z\u00e1\u0159iv\u00fd obraz s vysok\u00fdm rozli\u0161en\u00edm s LED panelov\u00fdm modulem P2.976. Ide\u00e1ln\u00ed pro vnit\u0159n\u00ed displeje, akce a cedule. Objednejte si sv\u016fj nyn\u00ed a z\u00edskejte vynikaj\u00edc\u00ed v\u00fdkon.","breadcrumb":{"@id":"https:\/\/www.telaled.com\/fabrica\/modulo-painel-de-led-p2-976\/#breadcrumb"},"inLanguage":"cs","potentialAction":[{"@type":"ReadAction","target":["https:\/\/www.telaled.com\/fabrica\/modulo-painel-de-led-p2-976\/"]}]},{"@type":"ImageObject","inLanguage":"cs","@id":"https:\/\/www.telaled.com\/fabrica\/modulo-painel-de-led-p2-976\/#primaryimage","url":"https:\/\/www.telaled.com\/wp-content\/uploads\/2025\/07\/modulo-painel-de-led-p2.976-1-1.webp","contentUrl":"https:\/\/www.telaled.com\/wp-content\/uploads\/2025\/07\/modulo-painel-de-led-p2.976-1-1.webp","width":500,"height":500,"caption":"modulo-painel-de-led-p2.976 (1)"},{"@type":"BreadcrumbList","@id":"https:\/\/www.telaled.com\/fabrica\/modulo-painel-de-led-p2-976\/#breadcrumb","itemListElement":[{"@type":"ListItem","position":1,"name":"Home","item":"https:\/\/www.telaled.com\/"},{"@type":"ListItem","position":2,"name":"Produtos","item":"https:\/\/www.telaled.com\/shop\/"},{"@type":"ListItem","position":3,"name":"Modulo Painel de LED P2.976"}]},{"@type":"WebSite","@id":"https:\/\/www.telaled.com\/#website","url":"https:\/\/www.telaled.com\/","name":"LED obrazovka","description":"","potentialAction":[{"@type":"SearchAction","target":{"@type":"EntryPoint","urlTemplate":"https:\/\/www.telaled.com\/?s={search_term_string}"},"query-input":{"@type":"PropertyValueSpecification","valueRequired":true,"valueName":"search_term_string"}}],"inLanguage":"cs"}]}},"_links":{"self":[{"href":"https:\/\/www.telaled.com\/cs\/wp-json\/wp\/v2\/product\/2454","targetHints":{"allow":["GET"]}}],"collection":[{"href":"https:\/\/www.telaled.com\/cs\/wp-json\/wp\/v2\/product"}],"about":[{"href":"https:\/\/www.telaled.com\/cs\/wp-json\/wp\/v2\/types\/product"}],"wp:featuredmedia":[{"embeddable":true,"href":"https:\/\/www.telaled.com\/cs\/wp-json\/wp\/v2\/media\/2693"}],"wp:attachment":[{"href":"https:\/\/www.telaled.com\/cs\/wp-json\/wp\/v2\/media?parent=2454"}],"wp:term":[{"taxonomy":"product_brand","embeddable":true,"href":"https:\/\/www.telaled.com\/cs\/wp-json\/wp\/v2\/product_brand?post=2454"},{"taxonomy":"product_cat","embeddable":true,"href":"https:\/\/www.telaled.com\/cs\/wp-json\/wp\/v2\/product_cat?post=2454"},{"taxonomy":"product_tag","embeddable":true,"href":"https:\/\/www.telaled.com\/cs\/wp-json\/wp\/v2\/product_tag?post=2454"}],"curies":[{"name":"wp","href":"https:\/\/api.w.org\/{rel}","templated":true}]}}