{"id":2190,"date":"2025-06-24T10:01:48","date_gmt":"2025-06-24T10:01:48","guid":{"rendered":"https:\/\/www.telaled.com\/?post_type=product&#038;p=2190"},"modified":"2026-01-03T08:20:31","modified_gmt":"2026-01-03T08:20:31","slug":"aluguel-de-painel-de-led-da-serie-tro","status":"publish","type":"product","link":"https:\/\/www.telaled.com\/cs\/fabrica\/aluguel-de-painel-de-led-da-serie-tro\/","title":{"rendered":"Pron\u00e1jem LED panel\u016f pro \u0159adu TRO"},"content":{"rendered":"<div class=\"row\"  id=\"row-1330206589\">\n\n\t<div id=\"col-718815979\" class=\"col small-12 large-12\"  >\n\t\t\t\t<div class=\"col-inner\"  >\n\t\t\t\n\t\t\t\n<h2>Exkluzivn\u00ed v\u00fdhody pron\u00e1jmu LED panel\u016f \u0159ady TRO<\/h2>\n<h3><strong>Vynikaj\u00edc\u00ed odolnost<\/strong><\/h3>\n<ul>\n<li>Konstrukce z hlin\u00edkov\u00e9 slitiny s eloxovan\u00fdm povlakem odoln\u00fdm proti po\u0161kr\u00e1b\u00e1n\u00ed, odoln\u00e1 v\u016f\u010di opakovan\u00fdm cykl\u016fm instalace\/demont\u00e1\u017ee.<\/li>\n<li>Moduly s deskou plo\u0161n\u00fdch spoj\u016f druh\u00e9 generace: zes\u00edlen\u00e1 p\u00e1jka, kter\u00e1 se neuvoln\u00ed ani p\u0159i n\u00e1razech.<\/li>\n<\/ul>\n<h3><strong>Provozn\u00ed efektivita<\/strong><\/h3>\n<ul>\n<li>Ultrarychl\u00e1 mont\u00e1\u017e za 10 minut d\u00edky magnetick\u00e9mu uzamykac\u00edmu syst\u00e9mu a spoj\u016fm na \u00farovni letadel.<\/li>\n<li>Modul\u00e1rn\u00ed nap\u00e1jec\u00ed zdroj s funkc\u00ed \u201chot-swap\u201d umo\u017e\u0148uje v\u00fdm\u011bnu bez nutnosti vypnut\u00ed syst\u00e9mu.<\/li>\n<\/ul>\n<h3><strong>V\u00fdjime\u010dn\u00e1 vizu\u00e1ln\u00ed kvalita<\/strong><\/h3>\n<ul>\n<li>Vysoce \u010dist\u00e9 \u010dern\u00e9 LED diody (kontrast 5000:1) s korekc\u00ed z\u00e1blesku pro z\u00e1\u0159iv\u011bj\u0161\u00ed barvy 18%.<\/li>\n<li>Pozorovac\u00ed \u00fahel 140\u00b0 bez zkreslen\u00ed barev, ide\u00e1ln\u00ed pro akce s velk\u00fdm publikem.<\/li>\n<\/ul>\n<h3><strong>Kompletn\u00ed p\u0159izp\u016fsobivost<\/strong><\/h3>\n<ul>\n<li>Stupe\u0148 kryt\u00ed IP65 proti de\u0161ti\/prachu pro vnit\u0159n\u00ed i venkovn\u00ed pou\u017eit\u00ed (-20 \u00b0C a\u017e 50 \u00b0C)<\/li>\n<li>Flexibiln\u00ed konfigurace: zav\u011b\u0161en\u00e9, stohovan\u00e9 nebo zak\u0159iven\u00e9 (nastaven\u00ed od -10\u00b0 do +15\u00b0)<\/li>\n<\/ul>\n<h3><strong>Lokalizovan\u00e1 podpora<\/strong><\/h3>\n<ul>\n<li>Brazil\u0161t\u00ed technici k dispozici 24 hodin denn\u011b, 7 dn\u00ed v t\u00fddnu + n\u00e1hradn\u00ed d\u00edly v m\u00edstn\u00edm skladu.<\/li>\n<li>Prodlou\u017een\u00e1 3let\u00e1 z\u00e1ruka s kryt\u00edm pro urgentn\u00ed opravy do 48 hodin.<\/li>\n<\/ul>\n<h2>Detaily produktu<\/h2>\n<div class=\"row\"  id=\"row-161872255\">\n\n\t<div id=\"col-69609702\" class=\"col medium-10 small-12 large-10\"  >\n\t\t\t\t<div class=\"col-inner text-left\"  >\n\t\t\t\n\t\t\t\n<ul>\n<li>Funk\u010dn\u00ed sch\u00e9ma pronaj\u00edman\u00e9 LED vitr\u00edny.<\/li>\n<\/ul>\n\t<div class=\"img has-hover x md-x lg-x y md-y lg-y\" id=\"image_266330777\">\n\t\t\t\t\t\t\t\t<div class=\"img-inner dark\" >\n\t\t\t<img loading=\"lazy\" decoding=\"async\" width=\"746\" height=\"1024\" src=\"https:\/\/www.telaled.com\/wp-content\/uploads\/2025\/06\/Diagrama-esquematico-746x1024.webp\" class=\"attachment-large size-large\" alt=\"Sch\u00e9ma zapojen\u00ed\" srcset=\"https:\/\/www.telaled.com\/wp-content\/uploads\/2025\/06\/Diagrama-esquematico-746x1024.webp 746w, https:\/\/www.telaled.com\/wp-content\/uploads\/2025\/06\/Diagrama-esquematico-219x300.webp 219w, https:\/\/www.telaled.com\/wp-content\/uploads\/2025\/06\/Diagrama-esquematico-768x1054.webp 768w, https:\/\/www.telaled.com\/wp-content\/uploads\/2025\/06\/Diagrama-esquematico-9x12.webp 9w, https:\/\/www.telaled.com\/wp-content\/uploads\/2025\/06\/Diagrama-esquematico-600x823.webp 600w, https:\/\/www.telaled.com\/wp-content\/uploads\/2025\/06\/Diagrama-esquematico.webp 795w\" sizes=\"auto, (max-width: 746px) 100vw, 746px\" \/>\t\t\t\t\t\t\n\t\t\t\t\t<\/div>\n\t\t\t\t\t\t\t\t\n<style>\n#image_266330777 {\n  width: 80%;\n}\n<\/style>\n\t<\/div>\n\t\n\t\t<\/div>\n\t\t\t\t\t<\/div>\n\n\t\n\n\t<div id=\"col-390462000\" class=\"col medium-10 small-12 large-10\"  >\n\t\t\t\t<div class=\"col-inner text-left\"  >\n\t\t\t\n\t\t\t\n<ul>\n<li>Detaily odr\u00e1\u017eej\u00ed kvalitu. Od designu a\u017e po materi\u00e1ly je to nejlep\u0161\u00ed volba pro fotografov\u00e1n\u00ed v ter\u00e9nu.<\/li>\n<\/ul>\n\t<div class=\"img has-hover x md-x lg-x y md-y lg-y\" id=\"image_1932078061\">\n\t\t\t\t\t\t\t\t<div class=\"img-inner dark\" >\n\t\t\t<img loading=\"lazy\" decoding=\"async\" width=\"651\" height=\"1024\" src=\"https:\/\/www.telaled.com\/wp-content\/uploads\/2025\/06\/detalhe_1-651x1024.webp\" class=\"attachment-large size-large\" alt=\"detail\" srcset=\"https:\/\/www.telaled.com\/wp-content\/uploads\/2025\/06\/detalhe_1-651x1024.webp 651w, https:\/\/www.telaled.com\/wp-content\/uploads\/2025\/06\/detalhe_1-191x300.webp 191w, https:\/\/www.telaled.com\/wp-content\/uploads\/2025\/06\/detalhe_1-768x1209.webp 768w, https:\/\/www.telaled.com\/wp-content\/uploads\/2025\/06\/detalhe_1-8x12.webp 8w, https:\/\/www.telaled.com\/wp-content\/uploads\/2025\/06\/detalhe_1-600x944.webp 600w, https:\/\/www.telaled.com\/wp-content\/uploads\/2025\/06\/detalhe_1.webp 800w\" sizes=\"auto, (max-width: 651px) 100vw, 651px\" \/>\t\t\t\t\t\t\n\t\t\t\t\t<\/div>\n\t\t\t\t\t\t\t\t\n<style>\n#image_1932078061 {\n  width: 81%;\n}\n<\/style>\n\t<\/div>\n\t\n\t\t<\/div>\n\t\t\t\t\t<\/div>\n\n\t\n\n\t<div id=\"col-220992298\" class=\"col medium-10 small-12 large-10\"  >\n\t\t\t\t<div class=\"col-inner text-left\"  >\n\t\t\t\n\t\t\t\n<ul>\n<li>\u00dapravou zak\u0159iven\u00ed spojen\u00ed mezi krabicemi je mo\u017en\u00e9 dos\u00e1hnout p\u0159izp\u016fsoben\u00ed r\u016fzn\u00fdch form\u00e1t\u016f.<\/li>\n<\/ul>\n\t<div class=\"img has-hover x md-x lg-x y md-y lg-y\" id=\"image_2032028484\">\n\t\t\t\t\t\t\t\t<div class=\"img-inner dark\" >\n\t\t\t<img loading=\"lazy\" decoding=\"async\" width=\"800\" height=\"673\" src=\"https:\/\/www.telaled.com\/wp-content\/uploads\/2025\/06\/Varios-cenarios-de-aplicacao-2.webp\" class=\"attachment-large size-large\" alt=\"R\u016fzn\u00e9 sc\u00e9n\u00e1\u0159e pou\u017eit\u00ed\" srcset=\"https:\/\/www.telaled.com\/wp-content\/uploads\/2025\/06\/Varios-cenarios-de-aplicacao-2.webp 800w, https:\/\/www.telaled.com\/wp-content\/uploads\/2025\/06\/Varios-cenarios-de-aplicacao-2-300x252.webp 300w, https:\/\/www.telaled.com\/wp-content\/uploads\/2025\/06\/Varios-cenarios-de-aplicacao-2-768x646.webp 768w, https:\/\/www.telaled.com\/wp-content\/uploads\/2025\/06\/Varios-cenarios-de-aplicacao-2-14x12.webp 14w, https:\/\/www.telaled.com\/wp-content\/uploads\/2025\/06\/Varios-cenarios-de-aplicacao-2-600x505.webp 600w\" sizes=\"auto, (max-width: 800px) 100vw, 800px\" \/>\t\t\t\t\t\t\n\t\t\t\t\t<\/div>\n\t\t\t\t\t\t\t\t\n<style>\n#image_2032028484 {\n  width: 85%;\n}\n<\/style>\n\t<\/div>\n\t\n\t\t<\/div>\n\t\t\t\t\t<\/div>\n\n\t\n\n\t<div id=\"col-1410402261\" class=\"col medium-10 small-12 large-10\"  >\n\t\t\t\t<div class=\"col-inner text-left\"  >\n\t\t\t\n\t\t\t\n<ul>\n<li>R\u016fzn\u00e9 LED displeje jsou baleny r\u016fzn\u00fdmi zp\u016fsoby. Cel\u00e1 obrazovka je zabalena v d\u0159ev\u011bn\u00fdch bedn\u00e1ch, LED moduly jsou zabaleny v kartonov\u00fdch krabic\u00edch, pronaj\u00edman\u00fd displej je zabalen v leteck\u00fdch bedn\u00e1ch a existuj\u00ed tak\u00e9 jednoduch\u00e9 krabice zabalen\u00e9 v d\u0159ev\u011bn\u00fdch r\u00e1mech.<\/li>\n<\/ul>\n\t<div class=\"img has-hover x md-x lg-x y md-y lg-y\" id=\"image_806515590\">\n\t\t\t\t\t\t\t\t<div class=\"img-inner dark\" >\n\t\t\t<img loading=\"lazy\" decoding=\"async\" width=\"760\" height=\"1024\" src=\"https:\/\/www.telaled.com\/wp-content\/uploads\/2025\/06\/Embalagem-760x1024.webp\" class=\"attachment-large size-large\" alt=\"Obal\" srcset=\"https:\/\/www.telaled.com\/wp-content\/uploads\/2025\/06\/Embalagem-760x1024.webp 760w, https:\/\/www.telaled.com\/wp-content\/uploads\/2025\/06\/Embalagem-223x300.webp 223w, https:\/\/www.telaled.com\/wp-content\/uploads\/2025\/06\/Embalagem-768x1035.webp 768w, https:\/\/www.telaled.com\/wp-content\/uploads\/2025\/06\/Embalagem-9x12.webp 9w, https:\/\/www.telaled.com\/wp-content\/uploads\/2025\/06\/Embalagem-600x808.webp 600w, https:\/\/www.telaled.com\/wp-content\/uploads\/2025\/06\/Embalagem.webp 795w\" sizes=\"auto, (max-width: 760px) 100vw, 760px\" \/>\t\t\t\t\t\t\n\t\t\t\t\t<\/div>\n\t\t\t\t\t\t\t\t\n<style>\n#image_806515590 {\n  width: 85%;\n}\n<\/style>\n\t<\/div>\n\t\n\t\t<\/div>\n\t\t\t\t\t<\/div>\n\n\t\n<\/div>\n\t\t<\/div>\n\t\t\t\t\t<\/div>\n\n\t\n\n\t<div id=\"col-424111751\" class=\"col small-12 large-12\"  >\n\t\t\t\t<div class=\"col-inner\"  >\n\t\t\t\n\t\t\t\n<div class=\"row\"  id=\"row-1051492336\">\n\n\t<div id=\"col-983292215\" class=\"col medium-10 small-12 large-10\"  >\n\t\t\t\t<div class=\"col-inner\"  >\n\t\t\t\n\t\t\t\n\n<table id=\"tablepress-13\" class=\"tablepress tablepress-id-13\">\n<thead>\n<tr class=\"row-1\">\n\t<th class=\"column-1\">Model<\/th><th class=\"column-2\">P2.6 (vnit\u0159n\u00ed)<\/th><th class=\"column-3\">2,97 P (vnit\u0159n\u00ed)<\/th><th class=\"column-4\">3,91 P (vnit\u0159n\u00ed)<\/th><th class=\"column-5\">3,91 P (venkovn\u00ed)<\/th><th class=\"column-6\">P4.81 (venkovn\u00ed)<\/th><th class=\"column-7\">5,95 P (venkovn\u00ed)<\/th>\n<\/tr>\n<\/thead>\n<tbody class=\"row-striping row-hover\">\n<tr class=\"row-2\">\n\t<td class=\"column-1\">LED<\/td><td class=\"column-2\">1515<\/td><td class=\"column-3\">2020<\/td><td class=\"column-4\">2020<\/td><td class=\"column-5\">1921<\/td><td class=\"column-6\">1921<\/td><td class=\"column-7\">2727<\/td>\n<\/tr>\n<tr class=\"row-3\">\n\t<td class=\"column-1\">Rozte\u010d pixel\u016f (mm)<\/td><td class=\"column-2\">2.604<\/td><td class=\"column-3\">2.97<\/td><td class=\"column-4\">3.91<\/td><td class=\"column-5\">3.91<\/td><td class=\"column-6\">4.81<\/td><td class=\"column-7\">5.95<\/td>\n<\/tr>\n<tr class=\"row-4\">\n\t<td class=\"column-1\">Slo\u017een\u00ed pixel\u016f<\/td><td class=\"column-2\">RGB<\/td><td class=\"column-3\">RGB<\/td><td class=\"column-4\">RGB<\/td><td class=\"column-5\">RGB<\/td><td class=\"column-6\">RGB<\/td><td class=\"column-7\">RGB<\/td>\n<\/tr>\n<tr class=\"row-5\">\n\t<td class=\"column-1\">Hustota pixel\u016f (pixely\/m\u00b2)<\/td><td class=\"column-2\">36864<\/td><td class=\"column-3\">28224<\/td><td class=\"column-4\">16384\/32768<\/td><td class=\"column-5\">16384\/32768<\/td><td class=\"column-6\">10816\/21632<\/td><td class=\"column-7\">7056\/14112<\/td>\n<\/tr>\n<tr class=\"row-6\">\n\t<td class=\"column-1\">Hmotnost (kg)<\/td><td class=\"column-2\">6.7<\/td><td class=\"column-3\">6.7<\/td><td class=\"column-4\">6.7\/11.3<\/td><td class=\"column-5\">7.3\/12.5<\/td><td class=\"column-6\">7.3\/12.5<\/td><td class=\"column-7\">7.3\/12.5<\/td>\n<\/tr>\n<tr class=\"row-7\">\n\t<td class=\"column-1\">Aplikace<\/td><td class=\"column-2\">Kryt\u00fd<\/td><td class=\"column-3\">Kryt\u00fd<\/td><td class=\"column-4\">Kryt\u00fd<\/td><td class=\"column-5\">Venkovn\u00ed<\/td><td class=\"column-6\">Venkovn\u00ed<\/td><td class=\"column-7\">Venkovn\u00ed<\/td>\n<\/tr>\n<tr class=\"row-8\">\n\t<td class=\"column-1\">Velikost modulu (mm)<\/td><td class=\"column-2\">250*250<\/td><td class=\"column-3\">250*250<\/td><td class=\"column-4\">250*250<\/td><td class=\"column-5\">250*250<\/td><td class=\"column-6\">250*250<\/td><td class=\"column-7\">250*250<\/td>\n<\/tr>\n<tr class=\"row-9\">\n\t<td class=\"column-1\">Velikost sk\u0159\u00edn\u011b (mm)<\/td><td class=\"column-2\">500x500<\/td><td class=\"column-3\">500x500<\/td><td class=\"column-4\">500\u00d7500, 500\u00d71000<\/td><td class=\"column-5\">500\u00d7500, 500\u00d71000<\/td><td class=\"column-6\">500\u00d7500, 500\u00d71000<\/td><td class=\"column-7\">500\u00d7500, 500\u00d71000<\/td>\n<\/tr>\n<tr class=\"row-10\">\n\t<td class=\"column-1\">Jas (cd\/m\u00b2)<\/td><td class=\"column-2\">1000<\/td><td class=\"column-3\">1000<\/td><td class=\"column-4\">1000<\/td><td class=\"column-5\">5000<\/td><td class=\"column-6\">5000<\/td><td class=\"column-7\">5000<\/td>\n<\/tr>\n<tr class=\"row-11\">\n\t<td class=\"column-1\">Maxim\u00e1ln\u00ed v\u00fdkon (W\/m\u00b2)<\/td><td class=\"column-2\">520<\/td><td class=\"column-3\">456<\/td><td class=\"column-4\">460<\/td><td class=\"column-5\">650<\/td><td class=\"column-6\">650<\/td><td class=\"column-7\">650<\/td>\n<\/tr>\n<tr class=\"row-12\">\n\t<td class=\"column-1\">Pr\u016fm\u011brn\u00fd v\u00fdkon (W\/m\u00b2)<\/td><td class=\"column-2\">173<\/td><td class=\"column-3\">152<\/td><td class=\"column-4\">153<\/td><td class=\"column-5\">217<\/td><td class=\"column-6\">217<\/td><td class=\"column-7\">217<\/td>\n<\/tr>\n<tr class=\"row-13\">\n\t<td class=\"column-1\">Pozorovac\u00ed \u00fahel (\u00b0)<\/td><td class=\"column-2\">150<\/td><td class=\"column-3\">150<\/td><td class=\"column-4\">150<\/td><td class=\"column-5\">150<\/td><td class=\"column-6\">150<\/td><td class=\"column-7\">150<\/td>\n<\/tr>\n<tr class=\"row-14\">\n\t<td class=\"column-1\">Obnovovac\u00ed frekvence (Hz)<\/td><td class=\"column-2\">3840<\/td><td class=\"column-3\">3840<\/td><td class=\"column-4\">3840<\/td><td class=\"column-5\">3840<\/td><td class=\"column-6\">3840<\/td><td class=\"column-7\">3840<\/td>\n<\/tr>\n<tr class=\"row-15\">\n\t<td class=\"column-1\">Teplota chromati\u010dnosti (K)<\/td><td class=\"column-2\">8000-10000<\/td><td class=\"column-3\">8000-10000<\/td><td class=\"column-4\">8000-10000<\/td><td class=\"column-5\">8000-10000<\/td><td class=\"column-6\">8000-10000<\/td><td class=\"column-7\">8000-10000<\/td>\n<\/tr>\n<tr class=\"row-16\">\n\t<td class=\"column-1\">Vstupn\u00ed st\u0159\u00eddav\u00e9 nap\u011bt\u00ed<\/td><td class=\"column-2\">110V\/220V<\/td><td class=\"column-3\">110V\/220V<\/td><td class=\"column-4\">110V\/220V<\/td><td class=\"column-5\">110V\/220V<\/td><td class=\"column-6\">110V\/220V<\/td><td class=\"column-7\">110V\/220V<\/td>\n<\/tr>\n<tr class=\"row-17\">\n\t<td class=\"column-1\">Stupe\u0148 ochrany<\/td><td class=\"column-2\">IP40\/IP21<\/td><td class=\"column-3\">IP40\/IP21<\/td><td class=\"column-4\">IP40\/IP21<\/td><td class=\"column-5\">IP65\/IP54<\/td><td class=\"column-6\">IP65\/IP54<\/td><td class=\"column-7\">IP65\/IP54<\/td>\n<\/tr>\n<\/tbody>\n<\/table>\n<!-- #tablepress-13 from cache -->\n\t\t<\/div>\n\t\t\t\t\t<\/div>\n\n\t\n<\/div>\n\t\t<\/div>\n\t\t\t\t\t<\/div>\n\n\t\n<\/div>","protected":false},"excerpt":{"rendered":"<p><strong>LED panel k pron\u00e1jmu ze s\u00e9rie TRO \u2013 profesion\u00e1ln\u00ed \u0159e\u0161en\u00ed pro akce<\/strong><\/p>\n<p>O <em><strong>Pron\u00e1jem LED panel\u016f pro \u0159adu TRO<\/strong><\/em> Je to ide\u00e1ln\u00ed volba pro <a href=\"https:\/\/www.telaled.com\/cs\/painel-de-led-para-eventos\/\">ud\u00e1losti<\/a> Akce s vysok\u00fdm dopadem, jako jsou koncerty, firemn\u00ed p\u0159edn\u00e1\u0161ky a v\u00fdstavy. D\u00edky pokro\u010dil\u00e9 technologii ochrany proti kolizi a modul\u00e1rn\u00ed konstrukci umo\u017e\u0148uje rychlou mont\u00e1\u017e za pouh\u00fdch 10 minut pomoc\u00ed rychloup\u00ednac\u00edho syst\u00e9mu.<\/p>\n<p><strong>Hlavn\u00ed vlastnosti:<\/strong><\/p>\n<ul>\n<li><strong>V\u0161estrann\u00e9 rozli\u0161en\u00ed:<\/strong> Rozte\u010d pixel\u016f <strong><em>2,6 mm a\u017e 5,9 mm<\/em><\/strong> pro p\u0159izp\u016fsoben\u00ed r\u016fzn\u00fdm pozorovac\u00edm vzd\u00e1lenostem<\/li>\n<li><strong>Robustn\u00ed konstrukce:<\/strong> Konstrukce z hlin\u00edkov\u00e9 slitiny s \u00fapravou proti po\u0161kr\u00e1b\u00e1n\u00ed, odoln\u00e1 v\u016f\u010di opakovan\u00fdm instalac\u00edm\/demont\u00e1\u017e\u00edm.<\/li>\n<li><strong>Flexibiln\u00ed instalace:<\/strong> Podporuje zav\u011b\u0161en\u00e9, stohovan\u00e9 nebo zak\u0159iven\u00e9 konfigurace (nastaviteln\u00e9 od -10\u00b0 do +15\u00b0)<\/li>\n<li><strong>Zjednodu\u0161en\u00e1 \u00fadr\u017eba:<\/strong> Syst\u00e9m p\u0159edn\u00edho p\u0159\u00edstupu a modul\u00e1rn\u00ed nap\u00e1jec\u00ed zdroj pro rychl\u00e9 opravy.<\/li>\n<\/ul>\n<p>K dispozici ve standardn\u00edch rozm\u011brech 500x500 mm (12,5 kg) a 500x1000 mm, co\u017e zaru\u010duje p\u0159enosnost bez kompromis\u016f v oblasti odolnosti. Vhodn\u00fd pro vnit\u0159n\u00ed i venkovn\u00ed prost\u0159ed\u00ed s ochranou IP65 proti prachu a vod\u011b.<\/p>\n<p>Zahrnuje technickou podporu 24 hodin denn\u011b, 7 dn\u00ed v t\u00fddnu v Braz\u00edlii a 3letou z\u00e1ruku. Vy\u017e\u00e1dejte si personalizovanou cenovou nab\u00eddku pro v\u00e1\u0161 dal\u0161\u00ed projekt. <a href=\"https:\/\/www.telaled.com\/cs\/painel-de-led-para-eventos\/\">ud\u00e1lost!<\/a><\/p>","protected":false},"featured_media":2191,"template":"","meta":[],"product_brand":[],"product_cat":[50],"product_tag":[],"class_list":{"0":"post-2190","1":"product","2":"type-product","3":"status-publish","4":"has-post-thumbnail","6":"product_cat-aluguel-de-painel-de-led","8":"first","9":"instock","10":"shipping-taxable","11":"product-type-simple"},"yoast_head":"<!-- This site is optimized with the Yoast SEO plugin v27.4 - https:\/\/yoast.com\/product\/yoast-seo-wordpress\/ -->\n<title>Painel de LED para Loca\u00e7\u00e3o TRO | Shows, Eventos Corporativos &amp; Feiras | TELALED<\/title>\n<meta name=\"description\" content=\"Pain\u00e9is LED TRO para loca\u00e7\u00e3o com montagem r\u00e1pida em 10min! Tecnologia antivandalismo, alta resolu\u00e7\u00e3o (P2.6-P5.9) e suporte 24h no Brasil. Ideal para palcos, igrejas e est\u00e1dios. Solicite or\u00e7amento!\" \/>\n<meta name=\"robots\" content=\"index, follow, max-snippet:-1, max-image-preview:large, max-video-preview:-1\" \/>\n<link rel=\"canonical\" href=\"https:\/\/www.telaled.com\/cs\/fabrica\/aluguel-de-painel-de-led-da-serie-tro\/\" \/>\n<meta property=\"og:locale\" content=\"cs_CZ\" \/>\n<meta property=\"og:type\" content=\"article\" \/>\n<meta property=\"og:title\" content=\"Painel de LED para Loca\u00e7\u00e3o TRO | Shows, Eventos Corporativos &amp; Feiras | TELALED\" \/>\n<meta property=\"og:description\" content=\"Pain\u00e9is LED TRO para loca\u00e7\u00e3o com montagem r\u00e1pida em 10min! Tecnologia antivandalismo, alta resolu\u00e7\u00e3o (P2.6-P5.9) e suporte 24h no Brasil. Ideal para palcos, igrejas e est\u00e1dios. Solicite or\u00e7amento!\" \/>\n<meta property=\"og:url\" content=\"https:\/\/www.telaled.com\/cs\/fabrica\/aluguel-de-painel-de-led-da-serie-tro\/\" \/>\n<meta property=\"og:site_name\" content=\"TELALED\" \/>\n<meta property=\"article:modified_time\" content=\"2026-01-03T08:20:31+00:00\" \/>\n<meta property=\"og:image\" content=\"https:\/\/www.telaled.com\/wp-content\/uploads\/2025\/06\/Aluguel-de-Painel-de-LED-da-Serie-TRO-3.webp\" \/>\n\t<meta property=\"og:image:width\" content=\"500\" \/>\n\t<meta property=\"og:image:height\" content=\"500\" \/>\n\t<meta property=\"og:image:type\" content=\"image\/webp\" \/>\n<meta name=\"twitter:card\" content=\"summary_large_image\" \/>\n<meta name=\"twitter:label1\" content=\"Est. reading time\" \/>\n\t<meta name=\"twitter:data1\" content=\"2 minuty\" \/>\n<script type=\"application\/ld+json\" class=\"yoast-schema-graph\">{\"@context\":\"https:\\\/\\\/schema.org\",\"@graph\":[{\"@type\":\"WebPage\",\"@id\":\"https:\\\/\\\/www.telaled.com\\\/fabrica\\\/aluguel-de-painel-de-led-da-serie-tro\\\/\",\"url\":\"https:\\\/\\\/www.telaled.com\\\/fabrica\\\/aluguel-de-painel-de-led-da-serie-tro\\\/\",\"name\":\"Painel de LED para Loca\u00e7\u00e3o TRO | Shows, Eventos Corporativos & Feiras | TELALED\",\"isPartOf\":{\"@id\":\"https:\\\/\\\/www.telaled.com\\\/#website\"},\"primaryImageOfPage\":{\"@id\":\"https:\\\/\\\/www.telaled.com\\\/fabrica\\\/aluguel-de-painel-de-led-da-serie-tro\\\/#primaryimage\"},\"image\":{\"@id\":\"https:\\\/\\\/www.telaled.com\\\/fabrica\\\/aluguel-de-painel-de-led-da-serie-tro\\\/#primaryimage\"},\"thumbnailUrl\":\"https:\\\/\\\/www.telaled.com\\\/wp-content\\\/uploads\\\/2025\\\/06\\\/Aluguel-de-Painel-de-LED-da-Serie-TRO-3.webp\",\"datePublished\":\"2025-06-24T10:01:48+00:00\",\"dateModified\":\"2026-01-03T08:20:31+00:00\",\"description\":\"Pain\u00e9is LED TRO para loca\u00e7\u00e3o com montagem r\u00e1pida em 10min! Tecnologia antivandalismo, alta resolu\u00e7\u00e3o (P2.6-P5.9) e suporte 24h no Brasil. Ideal para palcos, igrejas e est\u00e1dios. Solicite or\u00e7amento!\",\"breadcrumb\":{\"@id\":\"https:\\\/\\\/www.telaled.com\\\/fabrica\\\/aluguel-de-painel-de-led-da-serie-tro\\\/#breadcrumb\"},\"inLanguage\":\"cs\",\"potentialAction\":[{\"@type\":\"ReadAction\",\"target\":[\"https:\\\/\\\/www.telaled.com\\\/fabrica\\\/aluguel-de-painel-de-led-da-serie-tro\\\/\"]}]},{\"@type\":\"ImageObject\",\"inLanguage\":\"cs\",\"@id\":\"https:\\\/\\\/www.telaled.com\\\/fabrica\\\/aluguel-de-painel-de-led-da-serie-tro\\\/#primaryimage\",\"url\":\"https:\\\/\\\/www.telaled.com\\\/wp-content\\\/uploads\\\/2025\\\/06\\\/Aluguel-de-Painel-de-LED-da-Serie-TRO-3.webp\",\"contentUrl\":\"https:\\\/\\\/www.telaled.com\\\/wp-content\\\/uploads\\\/2025\\\/06\\\/Aluguel-de-Painel-de-LED-da-Serie-TRO-3.webp\",\"width\":500,\"height\":500,\"caption\":\"Aluguel-de-Painel-de-LED-da-Serie-TRO\"},{\"@type\":\"BreadcrumbList\",\"@id\":\"https:\\\/\\\/www.telaled.com\\\/fabrica\\\/aluguel-de-painel-de-led-da-serie-tro\\\/#breadcrumb\",\"itemListElement\":[{\"@type\":\"ListItem\",\"position\":1,\"name\":\"Home\",\"item\":\"https:\\\/\\\/www.telaled.com\\\/\"},{\"@type\":\"ListItem\",\"position\":2,\"name\":\"Produtos\",\"item\":\"https:\\\/\\\/www.telaled.com\\\/shop\\\/\"},{\"@type\":\"ListItem\",\"position\":3,\"name\":\"Painel de LED para Loca\u00e7\u00e3o da S\u00e9rie TRO\"}]},{\"@type\":\"WebSite\",\"@id\":\"https:\\\/\\\/www.telaled.com\\\/#website\",\"url\":\"https:\\\/\\\/www.telaled.com\\\/\",\"name\":\"TELALED\",\"description\":\"\",\"potentialAction\":[{\"@type\":\"SearchAction\",\"target\":{\"@type\":\"EntryPoint\",\"urlTemplate\":\"https:\\\/\\\/www.telaled.com\\\/?s={search_term_string}\"},\"query-input\":{\"@type\":\"PropertyValueSpecification\",\"valueRequired\":true,\"valueName\":\"search_term_string\"}}],\"inLanguage\":\"cs\"}]}<\/script>\n<!-- \/ Yoast SEO plugin. -->","yoast_head_json":{"title":"LED panely k pron\u00e1jmu TRO | V\u00fdstavy, firemn\u00ed akce a veletrhy | TELALED","description":"Pron\u00e1jem LED panel\u016f TRO s rychlou 10minutovou instalac\u00ed! Technologie odoln\u00e1 proti vandalismu, vysok\u00e9 rozli\u0161en\u00ed (P2.6-P5.9) a 24\/7 podpora v Braz\u00edlii. Ide\u00e1ln\u00ed pro p\u00f3dia, kostely a stadiony. Vy\u017e\u00e1dejte si cenovou nab\u00eddku!","robots":{"index":"index","follow":"follow","max-snippet":"max-snippet:-1","max-image-preview":"max-image-preview:large","max-video-preview":"max-video-preview:-1"},"canonical":"https:\/\/www.telaled.com\/cs\/fabrica\/aluguel-de-painel-de-led-da-serie-tro\/","og_locale":"cs_CZ","og_type":"article","og_title":"Painel de LED para Loca\u00e7\u00e3o TRO | Shows, Eventos Corporativos & Feiras | TELALED","og_description":"Pain\u00e9is LED TRO para loca\u00e7\u00e3o com montagem r\u00e1pida em 10min! Tecnologia antivandalismo, alta resolu\u00e7\u00e3o (P2.6-P5.9) e suporte 24h no Brasil. Ideal para palcos, igrejas e est\u00e1dios. Solicite or\u00e7amento!","og_url":"https:\/\/www.telaled.com\/cs\/fabrica\/aluguel-de-painel-de-led-da-serie-tro\/","og_site_name":"TELALED","article_modified_time":"2026-01-03T08:20:31+00:00","og_image":[{"width":500,"height":500,"url":"https:\/\/www.telaled.com\/wp-content\/uploads\/2025\/06\/Aluguel-de-Painel-de-LED-da-Serie-TRO-3.webp","type":"image\/webp"}],"twitter_card":"summary_large_image","twitter_misc":{"Est. reading time":"2 minuty"},"schema":{"@context":"https:\/\/schema.org","@graph":[{"@type":"WebPage","@id":"https:\/\/www.telaled.com\/fabrica\/aluguel-de-painel-de-led-da-serie-tro\/","url":"https:\/\/www.telaled.com\/fabrica\/aluguel-de-painel-de-led-da-serie-tro\/","name":"LED panely k pron\u00e1jmu TRO | V\u00fdstavy, firemn\u00ed akce a veletrhy | TELALED","isPartOf":{"@id":"https:\/\/www.telaled.com\/#website"},"primaryImageOfPage":{"@id":"https:\/\/www.telaled.com\/fabrica\/aluguel-de-painel-de-led-da-serie-tro\/#primaryimage"},"image":{"@id":"https:\/\/www.telaled.com\/fabrica\/aluguel-de-painel-de-led-da-serie-tro\/#primaryimage"},"thumbnailUrl":"https:\/\/www.telaled.com\/wp-content\/uploads\/2025\/06\/Aluguel-de-Painel-de-LED-da-Serie-TRO-3.webp","datePublished":"2025-06-24T10:01:48+00:00","dateModified":"2026-01-03T08:20:31+00:00","description":"Pron\u00e1jem LED panel\u016f TRO s rychlou 10minutovou instalac\u00ed! Technologie odoln\u00e1 proti vandalismu, vysok\u00e9 rozli\u0161en\u00ed (P2.6-P5.9) a 24\/7 podpora v Braz\u00edlii. Ide\u00e1ln\u00ed pro p\u00f3dia, kostely a stadiony. Vy\u017e\u00e1dejte si cenovou nab\u00eddku!","breadcrumb":{"@id":"https:\/\/www.telaled.com\/fabrica\/aluguel-de-painel-de-led-da-serie-tro\/#breadcrumb"},"inLanguage":"cs","potentialAction":[{"@type":"ReadAction","target":["https:\/\/www.telaled.com\/fabrica\/aluguel-de-painel-de-led-da-serie-tro\/"]}]},{"@type":"ImageObject","inLanguage":"cs","@id":"https:\/\/www.telaled.com\/fabrica\/aluguel-de-painel-de-led-da-serie-tro\/#primaryimage","url":"https:\/\/www.telaled.com\/wp-content\/uploads\/2025\/06\/Aluguel-de-Painel-de-LED-da-Serie-TRO-3.webp","contentUrl":"https:\/\/www.telaled.com\/wp-content\/uploads\/2025\/06\/Aluguel-de-Painel-de-LED-da-Serie-TRO-3.webp","width":500,"height":500,"caption":"Aluguel-de-Painel-de-LED-da-Serie-TRO"},{"@type":"BreadcrumbList","@id":"https:\/\/www.telaled.com\/fabrica\/aluguel-de-painel-de-led-da-serie-tro\/#breadcrumb","itemListElement":[{"@type":"ListItem","position":1,"name":"Home","item":"https:\/\/www.telaled.com\/"},{"@type":"ListItem","position":2,"name":"Produtos","item":"https:\/\/www.telaled.com\/shop\/"},{"@type":"ListItem","position":3,"name":"Painel de LED para Loca\u00e7\u00e3o da S\u00e9rie TRO"}]},{"@type":"WebSite","@id":"https:\/\/www.telaled.com\/#website","url":"https:\/\/www.telaled.com\/","name":"LED obrazovka","description":"","potentialAction":[{"@type":"SearchAction","target":{"@type":"EntryPoint","urlTemplate":"https:\/\/www.telaled.com\/?s={search_term_string}"},"query-input":{"@type":"PropertyValueSpecification","valueRequired":true,"valueName":"search_term_string"}}],"inLanguage":"cs"}]}},"_links":{"self":[{"href":"https:\/\/www.telaled.com\/cs\/wp-json\/wp\/v2\/product\/2190","targetHints":{"allow":["GET"]}}],"collection":[{"href":"https:\/\/www.telaled.com\/cs\/wp-json\/wp\/v2\/product"}],"about":[{"href":"https:\/\/www.telaled.com\/cs\/wp-json\/wp\/v2\/types\/product"}],"wp:featuredmedia":[{"embeddable":true,"href":"https:\/\/www.telaled.com\/cs\/wp-json\/wp\/v2\/media\/2191"}],"wp:attachment":[{"href":"https:\/\/www.telaled.com\/cs\/wp-json\/wp\/v2\/media?parent=2190"}],"wp:term":[{"taxonomy":"product_brand","embeddable":true,"href":"https:\/\/www.telaled.com\/cs\/wp-json\/wp\/v2\/product_brand?post=2190"},{"taxonomy":"product_cat","embeddable":true,"href":"https:\/\/www.telaled.com\/cs\/wp-json\/wp\/v2\/product_cat?post=2190"},{"taxonomy":"product_tag","embeddable":true,"href":"https:\/\/www.telaled.com\/cs\/wp-json\/wp\/v2\/product_tag?post=2190"}],"curies":[{"name":"wp","href":"https:\/\/api.w.org\/{rel}","templated":true}]}}