{"id":1402,"date":"2023-06-08T08:15:42","date_gmt":"2023-06-08T08:15:42","guid":{"rendered":"https:\/\/plum-wolverine-723597.hostingersite.com\/?post_type=product&#038;p=1402"},"modified":"2026-01-02T03:41:52","modified_gmt":"2026-01-02T03:41:52","slug":"modulo-painel-de-led-p1","status":"publish","type":"product","link":"https:\/\/www.telaled.com\/cs\/fabrica\/modulo-painel-de-led-p1\/","title":{"rendered":"Modul LED panelu P1"},"content":{"rendered":"<h2>Pro\u010d si vybrat LED panel P1?<\/h2>\n<p><strong>Vysok\u00e9 rozli\u0161en\u00ed (v\u00fdjime\u010dn\u00e9 HD)<\/strong><br \/>\nRozte\u010d pixel\u016f pouze 1,0~1,5 mm zaru\u010duje ultra ostr\u00fd obraz i na kr\u00e1tk\u00e9 vzd\u00e1lenosti. Ide\u00e1ln\u00ed pro <a href=\"https:\/\/www.telaled.com\/cs\/led-para-vitrine-de-loja\/\">v\u00fdlohy obchod\u016f<\/a>, \u0159\u00eddic\u00ed m\u00edstnosti a pr\u00e9miov\u00e1 reklama.<\/p>\n<p><strong>N\u00edzk\u00e1 spot\u0159eba energie (chytr\u00e9 \u00faspory)<\/strong><br \/>\nSpot\u0159ebov\u00e1v\u00e1 a\u017e o 50% m\u00e9n\u011b energie ne\u017e b\u011b\u017en\u00e9 panely, \u010d\u00edm\u017e sni\u017euje n\u00e1klady na elekt\u0159inu bez ztr\u00e1ty jasu (900 nit\u016f).<\/p>\n<p><strong>Dlouh\u00e1 \u017eivotnost (prok\u00e1zan\u00e1 trvanlivost)<\/strong><br \/>\nV\u00edce ne\u017e 100 000 hodin nep\u0159etr\u017eit\u00e9ho pou\u017e\u00edv\u00e1n\u00ed s n\u00edzkou degradac\u00ed jasu (&lt;3%), ide\u00e1ln\u00ed pro dlouhodob\u00e9 komer\u010dn\u00ed aplikace.<\/p>\n<p><strong>Snadn\u00e1 instalace a \u00fadr\u017eba<\/strong><br \/>\nStandardizovan\u00e9 moduly (320x160 mm) umo\u017e\u0148uj\u00ed rychlou mont\u00e1\u017e a individu\u00e1ln\u00ed v\u00fdm\u011bnu, \u010d\u00edm\u017e se minimalizuj\u00ed prostoje.<\/p>\n<p><strong>Kompatibilita s \u0159\u00eddic\u00edmi jednotkami (\u00fapln\u00e1 flexibilita)<\/strong><br \/>\nBezprobl\u00e9mov\u011b se integruje se syst\u00e9my Novastar, Huidu a Colorlight a nab\u00edz\u00ed p\u0159esn\u00e9 ovl\u00e1d\u00e1n\u00ed barev a synchronizaci pro dynamick\u00e1 videa.<\/p>\n<p><strong style=\"color: #555555; font-size: 14.4px;\">Ide\u00e1ln\u00ed aplikace:<\/strong><\/p>\n<ul>\n<li>V\u00fdlohy v n\u00e1kupn\u00edch centrech (P1 uvnit\u0159: 900 nit\u016f)<\/li>\n<li>Televizn\u00ed studia (obnovovac\u00ed frekvence \u22653840Hz)<\/li>\n<li>Firemn\u00ed cedule (modul 320x160mm, 51200 pixel\u016f)<\/li>\n<\/ul>\n<p><img loading=\"lazy\" decoding=\"async\" class=\"alignnone wp-image-2017 size-full\" src=\"https:\/\/www.telaled.com\/wp-content\/uploads\/2023\/06\/quality-led-module-materials-1.webp\" alt=\"kvalitn\u00ed modul\u00e1rn\u00ed materi\u00e1ly\" width=\"768\" height=\"555\" srcset=\"https:\/\/www.telaled.com\/wp-content\/uploads\/2023\/06\/quality-led-module-materials-1.webp 768w, https:\/\/www.telaled.com\/wp-content\/uploads\/2023\/06\/quality-led-module-materials-1-300x217.webp 300w, https:\/\/www.telaled.com\/wp-content\/uploads\/2023\/06\/quality-led-module-materials-1-18x12.webp 18w, https:\/\/www.telaled.com\/wp-content\/uploads\/2023\/06\/quality-led-module-materials-1-600x434.webp 600w\" sizes=\"auto, (max-width: 768px) 100vw, 768px\" \/><\/p>\n\n<table id=\"tablepress-2\" class=\"tablepress tablepress-id-2\">\n<thead>\n<tr class=\"row-1\">\n\t<th colspan=\"4\" class=\"column-1\">Technick\u00e9 detaily<\/th>\n<\/tr>\n<\/thead>\n<tbody class=\"row-striping row-hover\">\n<tr class=\"row-2\">\n\t<td class=\"column-1\">\u010c\u00edslo modelu<\/td><td class=\"column-2\">TL \u2013 P1 LED panelov\u00fd modul pro interi\u00e9ry<\/td><td class=\"column-3\"><\/td><td class=\"column-4\"><\/td>\n<\/tr>\n<tr class=\"row-3\">\n\t<td class=\"column-1\">N\u00e1zev zna\u010dky<\/td><td class=\"column-2\">V\u00fdrobce TELALED<\/td><td class=\"column-3\">Plochost obrazovky<\/td><td class=\"column-4\">&lt;\u00b11 mm<\/td>\n<\/tr>\n<tr class=\"row-4\">\n\t<td class=\"column-1\">M\u00edsto p\u016fvodu<\/td><td class=\"column-2\">Kuang-tung, \u010c\u00edna<\/td><td class=\"column-3\">St\u0159edn\u00ed doba mezi poruchami (MTBF)<\/td><td class=\"column-4\">&gt;10 000 hodin<\/td>\n<\/tr>\n<tr class=\"row-5\">\n\t<td class=\"column-1\">Vzd\u00e1lenost mezi pixely<\/td><td class=\"column-2\">P1<\/td><td class=\"column-3\">Doba pou\u017eitelnosti<\/td><td class=\"column-4\">&gt;100 000 hodin<\/td>\n<\/tr>\n<tr class=\"row-6\">\n\t<td class=\"column-1\">Minim\u00e1ln\u00ed pozorovac\u00ed vzd\u00e1lenost<\/td><td class=\"column-2\">1 m<\/td><td class=\"column-3\">Provozn\u00ed nap\u011bt\u00ed displeje<\/td><td class=\"column-4\">AC46\uff5e54HZ, 220V\u00b115%\/110V\u00b115%<\/td>\n<\/tr>\n<tr class=\"row-7\">\n\t<td class=\"column-1\">Konfigurace LED<\/td><td class=\"column-2\">SMD0808<\/td><td class=\"column-3\">\u00datlum sv\u011btla<\/td><td class=\"column-4\">&lt;3%<\/td>\n<\/tr>\n<tr class=\"row-8\">\n\t<td class=\"column-1\">Rozli\u0161en\u00ed modulu<\/td><td class=\"column-2\">320\u00d7160 pixel\u016f<\/td><td class=\"column-3\">Svodov\u00fd proud<\/td><td class=\"column-4\">&lt;3mA<\/td>\n<\/tr>\n<tr class=\"row-9\">\n\t<td class=\"column-1\">Pixely modul\u016f<\/td><td class=\"column-2\">51200 pixel\u016f<\/td><td class=\"column-3\">Stupe\u0148 kryt\u00ed IP<\/td><td class=\"column-4\">Zadn\u00ed strana: IP40 \/ P\u0159edn\u00ed strana: IP50<\/td>\n<\/tr>\n<tr class=\"row-10\">\n\t<td class=\"column-1\">Velikost modulu<\/td><td class=\"column-2\">D320 mm*V160 mm*T13<\/td><td class=\"column-3\">Teplota a vlhkost na pracovi\u0161ti<\/td><td class=\"column-4\">Teplota: -20 \u00b0C a\u017e +60 \u00b0C \/ Vlhkost: 10% a\u017e 90% RH<\/td>\n<\/tr>\n<tr class=\"row-11\">\n\t<td class=\"column-1\">Velikost sk\u0159\u00edn\u011b<\/td><td class=\"column-2\">640 mm * 640 mm<\/td><td class=\"column-3\">Podporovan\u00e1 m\u00e9dia<\/td><td class=\"column-4\">Technick\u00e9 specifikace, Fotografie, CAD modely, Video<\/td>\n<\/tr>\n<tr class=\"row-12\">\n\t<td class=\"column-1\">Konfigurace pixel\u016f<\/td><td class=\"column-2\">SMD3-v-1, plnobarevn\u00fd R\/G\/B 1:1:1<\/td><td class=\"column-3\">Funkce<\/td><td class=\"column-4\">SDK<\/td>\n<\/tr>\n<tr class=\"row-13\">\n\t<td class=\"column-1\">Vyv\u00e1\u017een\u00fd lesk<\/td><td class=\"column-2\">1000 cd\/m\u00b2 (vnit\u0159n\u00ed)<\/td><td class=\"column-3\">Re\u017eim ovl\u00e1d\u00e1n\u00ed<\/td><td class=\"column-4\">Synchronizace s \u0159\u00eddic\u00edm po\u010d\u00edta\u010dem p\u0159es DVI<\/td>\n<\/tr>\n<tr class=\"row-14\">\n\t<td class=\"column-1\">Metoda pohonu<\/td><td class=\"column-2\">1\/40<\/td><td class=\"column-3\">Podporovan\u00fd software<\/td><td class=\"column-4\">Windows XP\/W7\/Vista<\/td>\n<\/tr>\n<tr class=\"row-15\">\n\t<td class=\"column-1\">Obnovovac\u00ed frekvence<\/td><td class=\"column-2\">\u22651920 Hz<\/td><td class=\"column-3\">\u0158\u00eddic\u00ed syst\u00e9m<\/td><td class=\"column-4\">DVI karta + \u0159adi\u010d plnobarevn\u00e9ho sign\u00e1lu + optick\u00e9 vl\u00e1kno (voliteln\u00e9)<\/td>\n<\/tr>\n<tr class=\"row-16\">\n\t<td class=\"column-1\">Zm\u011bna frekvence detekce<\/td><td class=\"column-2\">50\u201360 Hz<\/td><td class=\"column-3\">Zna\u010dka hlavn\u00edho \u0159\u00eddic\u00edho syst\u00e9mu<\/td><td class=\"column-4\">Novastar, Linsn, Huidu, Colorlight<\/td>\n<\/tr>\n<tr class=\"row-17\">\n\t<td class=\"column-1\">Pozorovac\u00ed \u00fahel<\/td><td class=\"column-2\">H140\u00b0 V120\u00b0<\/td><td class=\"column-3\">Rozhran\u00ed<\/td><td class=\"column-4\">Standardn\u00ed Ethernet<\/td>\n<\/tr>\n<tr class=\"row-18\">\n\t<td class=\"column-1\">M\u00edra ne\u010dinnosti<\/td><td class=\"column-2\">\u22641%<\/td><td class=\"column-3\">P\u0159enosov\u00e1 vzd\u00e1lenost<\/td><td class=\"column-4\">V\u00edcem\u00f3dov\u00e9 vl\u00e1kno <500m >\n<\/tr>\n<tr class=\"row-19\">\n\t<td class=\"column-1\">Energetick\u00fd odpad<\/td><td class=\"column-2\">700*1000 W\/m2<\/td><td class=\"column-3\">Z\u00e1ruka<\/td><td class=\"column-4\">5 let<\/td>\n<\/tr>\n<tr class=\"row-20\">\n\t<td class=\"column-1\">Pr\u016fm\u011brn\u00e1 spot\u0159eba energie<\/td><td class=\"column-2\">316 W\/m2<\/td><td class=\"column-3\">Typ dodavatele<\/td><td class=\"column-4\">P\u016fvodn\u00ed v\u00fdrobce\/ODM\/OEM<\/td>\n<\/tr>\n<tr class=\"row-21\">\n\t<td class=\"column-1\">\u00darove\u0148 \u0161edi<\/td><td class=\"column-2\">16bitov\u00fd (4096 \u00farovn\u00ed)(212)<\/td><td class=\"column-3\">Dodac\u00ed lh\u016fta<\/td><td class=\"column-4\">25 (nebo dohodou)<\/td>\n<\/tr>\n<tr class=\"row-22\">\n\t<td class=\"column-1\">Barva displeje<\/td><td class=\"column-2\">16 milion\u016f<\/td><td class=\"column-3\">Aplikace<\/td><td class=\"column-4\">Reklama\/Interi\u00e9r\/Exteri\u00e9r<\/td>\n<\/tr>\n<tr class=\"row-23\">\n\t<td class=\"column-1\">Nep\u0159eru\u0161ovan\u00e1 pracovn\u00ed doba<\/td><td class=\"column-2\">\u226572 hodin<\/td><td class=\"column-3\">Pou\u017eit\u00ed<\/td><td class=\"column-4\">Digit\u00e1ln\u00ed reklama, N\u00e1kupn\u00ed centra, Uv\u00edtac\u00ed displeje, V\u00fdstavn\u00ed haly, Leti\u0161t\u011b, Kostely, Sport, Akce, Sch\u016fzky, Pron\u00e1jmy, P\u00f3dia, Automobilov\u00fd pr\u016fmysl, Maloobchod, Svatby<\/td>\n<\/tr>\n<tr class=\"row-24\">\n\t<td class=\"column-1\">Diskr\u00e9tn\u00ed m\u00edra slep\u00e9ho \u00fahlu<\/td><td class=\"column-2\"><1><td class=\"column-3\">Podrobnosti o balen\u00ed<\/td><td class=\"column-4\">Zes\u00edlen\u00e1 kartonov\u00e1 krabice + d\u0159evo<\/td>\n<\/tr>\n<tr class=\"row-25\">\n\t<td class=\"column-1\">Kontinu\u00e1ln\u00ed m\u00edra slep\u00e9ho \u00fahlu<\/td><td class=\"column-2\">\u017d\u00e1dn\u00fd<\/td><td class=\"column-3\">Kapacita dod\u00e1vek<\/td><td class=\"column-4\">5 000 jednotek\/m\u011bs\u00edc<\/td>\n<\/tr>\n<tr class=\"row-26\">\n\t<td class=\"column-1\">M\u00edra slep\u00e9ho \u00fahlu<\/td><td class=\"column-2\"><1><td class=\"column-3\">P\u0159\u00edstav<\/td><td class=\"column-4\">\u0160en-\u010den<\/td>\n<\/tr>\n<\/tbody>\n<\/table>","protected":false},"excerpt":{"rendered":"<p>Vlastnosti LED modulu P1 <a href=\"https:\/\/www.telaled.com\/cs\/pixel-pitch\/\">rozte\u010d pixel\u016f<\/a> Ultrakompaktn\u00ed s tlou\u0161\u0165kou 1 mm nab\u00edz\u00ed vysokou hustotu pixel\u016f (1 000 000\/m\u00b2) pro ostr\u00fd obraz i na kr\u00e1tk\u00e9 vzd\u00e1lenosti. D\u00edky nastaviteln\u00e9mu jasu od 600 do 1000 nit\u016f a pozorovac\u00edmu \u00fahlu 140\u00b0 (H)\/120\u00b0 (V) zaji\u0161\u0165uje perfektn\u00ed viditelnost v jak\u00e9koli poloze.<\/p>\n<p><strong>Technick\u00e9 p\u0159ednosti LED diody P1:<\/strong><\/p>\n<ul>\n<li>Technologie SMD 3 v 1: \u010cist\u00e9 RGB barvy s 16bitovou hloubkou (68 miliard barev)<\/li>\n<li>Energetick\u00e1 \u00fa\u010dinnost: Spot\u0159eba pouze 316 W\/m\u00b2, 30% m\u00e9n\u011b ne\u017e u b\u011b\u017en\u00fdch modul\u016f.<\/li>\n<li>Certifikovan\u00e1 trvanlivost: &gt;100 000 hodin \u017eivotnosti s kryt\u00edm IP50 vp\u0159edu\/IP40 vzadu.<\/li>\n<li>Prodlou\u017een\u00e1 z\u00e1ruka: 3 roky na cel\u00fd stroj + do\u017eivotn\u00ed \u00fadr\u017eba s n\u00e1hradn\u00edmi d\u00edly 5% v cen\u011b.<\/li>\n<\/ul>","protected":false},"featured_media":2005,"template":"","meta":[],"product_brand":[],"product_cat":[41],"product_tag":[],"class_list":{"0":"post-1402","1":"product","2":"type-product","3":"status-publish","4":"has-post-thumbnail","6":"product_cat-modulo-painel-de-led","8":"first","9":"instock","10":"shipping-taxable","11":"product-type-simple"},"yoast_head":"<!-- This site is optimized with the Yoast SEO plugin v27.4 - https:\/\/yoast.com\/product\/yoast-seo-wordpress\/ -->\n<title>Modulo Painel de LED P1 - F\u00e1brica Chinesa | TELALED<\/title>\n<meta name=\"description\" content=\"M\u00f3dulo LED P1 com pitch de 1mm para alta defini\u00e7\u00e3o. F\u00e1brica direta oferece 3 anos de garantia, ideal para est\u00e1dios e shows. Solicite or\u00e7amento personalizado!\" \/>\n<meta name=\"robots\" content=\"index, follow, max-snippet:-1, max-image-preview:large, max-video-preview:-1\" \/>\n<link rel=\"canonical\" href=\"https:\/\/www.telaled.com\/cs\/fabrica\/modulo-painel-de-led-p1\/\" \/>\n<meta property=\"og:locale\" content=\"cs_CZ\" \/>\n<meta property=\"og:type\" content=\"article\" \/>\n<meta property=\"og:title\" content=\"Modulo Painel de LED P1 - F\u00e1brica Chinesa | TELALED\" \/>\n<meta property=\"og:description\" content=\"M\u00f3dulo LED P1 com pitch de 1mm para alta defini\u00e7\u00e3o. F\u00e1brica direta oferece 3 anos de garantia, ideal para est\u00e1dios e shows. Solicite or\u00e7amento personalizado!\" \/>\n<meta property=\"og:url\" content=\"https:\/\/www.telaled.com\/cs\/fabrica\/modulo-painel-de-led-p1\/\" \/>\n<meta property=\"og:site_name\" content=\"TELALED\" \/>\n<meta property=\"article:modified_time\" content=\"2026-01-02T03:41:52+00:00\" \/>\n<meta property=\"og:image\" content=\"https:\/\/www.telaled.com\/wp-content\/uploads\/2023\/06\/Modulo-Painel-de-LED-P1_3.webp\" \/>\n\t<meta property=\"og:image:width\" content=\"500\" \/>\n\t<meta property=\"og:image:height\" content=\"500\" \/>\n\t<meta property=\"og:image:type\" content=\"image\/webp\" \/>\n<meta name=\"twitter:card\" content=\"summary_large_image\" \/>\n<meta name=\"twitter:label1\" content=\"Est. reading time\" \/>\n\t<meta name=\"twitter:data1\" content=\"2 minuty\" \/>\n<script type=\"application\/ld+json\" class=\"yoast-schema-graph\">{\"@context\":\"https:\\\/\\\/schema.org\",\"@graph\":[{\"@type\":\"WebPage\",\"@id\":\"https:\\\/\\\/www.telaled.com\\\/fabrica\\\/modulo-painel-de-led-p1\\\/\",\"url\":\"https:\\\/\\\/www.telaled.com\\\/fabrica\\\/modulo-painel-de-led-p1\\\/\",\"name\":\"Modulo Painel de LED P1 - F\u00e1brica Chinesa | TELALED\",\"isPartOf\":{\"@id\":\"https:\\\/\\\/www.telaled.com\\\/#website\"},\"primaryImageOfPage\":{\"@id\":\"https:\\\/\\\/www.telaled.com\\\/fabrica\\\/modulo-painel-de-led-p1\\\/#primaryimage\"},\"image\":{\"@id\":\"https:\\\/\\\/www.telaled.com\\\/fabrica\\\/modulo-painel-de-led-p1\\\/#primaryimage\"},\"thumbnailUrl\":\"https:\\\/\\\/www.telaled.com\\\/wp-content\\\/uploads\\\/2023\\\/06\\\/Modulo-Painel-de-LED-P1_3.webp\",\"datePublished\":\"2023-06-08T08:15:42+00:00\",\"dateModified\":\"2026-01-02T03:41:52+00:00\",\"description\":\"M\u00f3dulo LED P1 com pitch de 1mm para alta defini\u00e7\u00e3o. F\u00e1brica direta oferece 3 anos de garantia, ideal para est\u00e1dios e shows. Solicite or\u00e7amento personalizado!\",\"breadcrumb\":{\"@id\":\"https:\\\/\\\/www.telaled.com\\\/fabrica\\\/modulo-painel-de-led-p1\\\/#breadcrumb\"},\"inLanguage\":\"cs\",\"potentialAction\":[{\"@type\":\"ReadAction\",\"target\":[\"https:\\\/\\\/www.telaled.com\\\/fabrica\\\/modulo-painel-de-led-p1\\\/\"]}]},{\"@type\":\"ImageObject\",\"inLanguage\":\"cs\",\"@id\":\"https:\\\/\\\/www.telaled.com\\\/fabrica\\\/modulo-painel-de-led-p1\\\/#primaryimage\",\"url\":\"https:\\\/\\\/www.telaled.com\\\/wp-content\\\/uploads\\\/2023\\\/06\\\/Modulo-Painel-de-LED-P1_3.webp\",\"contentUrl\":\"https:\\\/\\\/www.telaled.com\\\/wp-content\\\/uploads\\\/2023\\\/06\\\/Modulo-Painel-de-LED-P1_3.webp\",\"width\":500,\"height\":500,\"caption\":\"Modulo Painel de LED P1\"},{\"@type\":\"BreadcrumbList\",\"@id\":\"https:\\\/\\\/www.telaled.com\\\/fabrica\\\/modulo-painel-de-led-p1\\\/#breadcrumb\",\"itemListElement\":[{\"@type\":\"ListItem\",\"position\":1,\"name\":\"Home\",\"item\":\"https:\\\/\\\/www.telaled.com\\\/\"},{\"@type\":\"ListItem\",\"position\":2,\"name\":\"Produtos\",\"item\":\"https:\\\/\\\/www.telaled.com\\\/shop\\\/\"},{\"@type\":\"ListItem\",\"position\":3,\"name\":\"Modulo Painel de LED P1\"}]},{\"@type\":\"WebSite\",\"@id\":\"https:\\\/\\\/www.telaled.com\\\/#website\",\"url\":\"https:\\\/\\\/www.telaled.com\\\/\",\"name\":\"TELALED\",\"description\":\"\",\"potentialAction\":[{\"@type\":\"SearchAction\",\"target\":{\"@type\":\"EntryPoint\",\"urlTemplate\":\"https:\\\/\\\/www.telaled.com\\\/?s={search_term_string}\"},\"query-input\":{\"@type\":\"PropertyValueSpecification\",\"valueRequired\":true,\"valueName\":\"search_term_string\"}}],\"inLanguage\":\"cs\"}]}<\/script>\n<!-- \/ Yoast SEO plugin. -->","yoast_head_json":{"title":"Modul LED panelu P1 - \u010d\u00ednsk\u00e1 tov\u00e1rna | TELALED","description":"LED modul P1 s rozte\u010d\u00ed 1 mm pro vysok\u00e9 rozli\u0161en\u00ed. P\u0159\u00edmo z tov\u00e1rny s 3letou z\u00e1rukou, ide\u00e1ln\u00ed pro stadiony a koncerty. Vy\u017e\u00e1dejte si individu\u00e1ln\u00ed cenovou nab\u00eddku!","robots":{"index":"index","follow":"follow","max-snippet":"max-snippet:-1","max-image-preview":"max-image-preview:large","max-video-preview":"max-video-preview:-1"},"canonical":"https:\/\/www.telaled.com\/cs\/fabrica\/modulo-painel-de-led-p1\/","og_locale":"cs_CZ","og_type":"article","og_title":"Modulo Painel de LED P1 - F\u00e1brica Chinesa | TELALED","og_description":"M\u00f3dulo LED P1 com pitch de 1mm para alta defini\u00e7\u00e3o. F\u00e1brica direta oferece 3 anos de garantia, ideal para est\u00e1dios e shows. Solicite or\u00e7amento personalizado!","og_url":"https:\/\/www.telaled.com\/cs\/fabrica\/modulo-painel-de-led-p1\/","og_site_name":"TELALED","article_modified_time":"2026-01-02T03:41:52+00:00","og_image":[{"width":500,"height":500,"url":"https:\/\/www.telaled.com\/wp-content\/uploads\/2023\/06\/Modulo-Painel-de-LED-P1_3.webp","type":"image\/webp"}],"twitter_card":"summary_large_image","twitter_misc":{"Est. reading time":"2 minuty"},"schema":{"@context":"https:\/\/schema.org","@graph":[{"@type":"WebPage","@id":"https:\/\/www.telaled.com\/fabrica\/modulo-painel-de-led-p1\/","url":"https:\/\/www.telaled.com\/fabrica\/modulo-painel-de-led-p1\/","name":"Modul LED panelu P1 - \u010d\u00ednsk\u00e1 tov\u00e1rna | TELALED","isPartOf":{"@id":"https:\/\/www.telaled.com\/#website"},"primaryImageOfPage":{"@id":"https:\/\/www.telaled.com\/fabrica\/modulo-painel-de-led-p1\/#primaryimage"},"image":{"@id":"https:\/\/www.telaled.com\/fabrica\/modulo-painel-de-led-p1\/#primaryimage"},"thumbnailUrl":"https:\/\/www.telaled.com\/wp-content\/uploads\/2023\/06\/Modulo-Painel-de-LED-P1_3.webp","datePublished":"2023-06-08T08:15:42+00:00","dateModified":"2026-01-02T03:41:52+00:00","description":"LED modul P1 s rozte\u010d\u00ed 1 mm pro vysok\u00e9 rozli\u0161en\u00ed. P\u0159\u00edmo z tov\u00e1rny s 3letou z\u00e1rukou, ide\u00e1ln\u00ed pro stadiony a koncerty. Vy\u017e\u00e1dejte si individu\u00e1ln\u00ed cenovou nab\u00eddku!","breadcrumb":{"@id":"https:\/\/www.telaled.com\/fabrica\/modulo-painel-de-led-p1\/#breadcrumb"},"inLanguage":"cs","potentialAction":[{"@type":"ReadAction","target":["https:\/\/www.telaled.com\/fabrica\/modulo-painel-de-led-p1\/"]}]},{"@type":"ImageObject","inLanguage":"cs","@id":"https:\/\/www.telaled.com\/fabrica\/modulo-painel-de-led-p1\/#primaryimage","url":"https:\/\/www.telaled.com\/wp-content\/uploads\/2023\/06\/Modulo-Painel-de-LED-P1_3.webp","contentUrl":"https:\/\/www.telaled.com\/wp-content\/uploads\/2023\/06\/Modulo-Painel-de-LED-P1_3.webp","width":500,"height":500,"caption":"Modulo Painel de LED P1"},{"@type":"BreadcrumbList","@id":"https:\/\/www.telaled.com\/fabrica\/modulo-painel-de-led-p1\/#breadcrumb","itemListElement":[{"@type":"ListItem","position":1,"name":"Home","item":"https:\/\/www.telaled.com\/"},{"@type":"ListItem","position":2,"name":"Produtos","item":"https:\/\/www.telaled.com\/shop\/"},{"@type":"ListItem","position":3,"name":"Modulo Painel de LED P1"}]},{"@type":"WebSite","@id":"https:\/\/www.telaled.com\/#website","url":"https:\/\/www.telaled.com\/","name":"LED obrazovka","description":"","potentialAction":[{"@type":"SearchAction","target":{"@type":"EntryPoint","urlTemplate":"https:\/\/www.telaled.com\/?s={search_term_string}"},"query-input":{"@type":"PropertyValueSpecification","valueRequired":true,"valueName":"search_term_string"}}],"inLanguage":"cs"}]}},"_links":{"self":[{"href":"https:\/\/www.telaled.com\/cs\/wp-json\/wp\/v2\/product\/1402","targetHints":{"allow":["GET"]}}],"collection":[{"href":"https:\/\/www.telaled.com\/cs\/wp-json\/wp\/v2\/product"}],"about":[{"href":"https:\/\/www.telaled.com\/cs\/wp-json\/wp\/v2\/types\/product"}],"wp:featuredmedia":[{"embeddable":true,"href":"https:\/\/www.telaled.com\/cs\/wp-json\/wp\/v2\/media\/2005"}],"wp:attachment":[{"href":"https:\/\/www.telaled.com\/cs\/wp-json\/wp\/v2\/media?parent=1402"}],"wp:term":[{"taxonomy":"product_brand","embeddable":true,"href":"https:\/\/www.telaled.com\/cs\/wp-json\/wp\/v2\/product_brand?post=1402"},{"taxonomy":"product_cat","embeddable":true,"href":"https:\/\/www.telaled.com\/cs\/wp-json\/wp\/v2\/product_cat?post=1402"},{"taxonomy":"product_tag","embeddable":true,"href":"https:\/\/www.telaled.com\/cs\/wp-json\/wp\/v2\/product_tag?post=1402"}],"curies":[{"name":"wp","href":"https:\/\/api.w.org\/{rel}","templated":true}]}}