{"id":1393,"date":"2023-06-08T07:38:38","date_gmt":"2023-06-08T07:38:38","guid":{"rendered":"https:\/\/plum-wolverine-723597.hostingersite.com\/?post_type=product&#038;p=1393"},"modified":"2026-01-02T06:36:07","modified_gmt":"2026-01-02T06:36:07","slug":"modulo-painel-de-led-p1-56","status":"publish","type":"product","link":"https:\/\/www.telaled.com\/cs\/fabrica\/modulo-painel-de-led-p1-56\/","title":{"rendered":"Modul LED panelu P1.56"},"content":{"rendered":"<div id=\"featurebullets_feature_div\" class=\"celwidget\" data-feature-name=\"featurebullets\" data-csa-c-type=\"widget\" data-csa-c-content-id=\"featurebullets\" data-csa-c-slot-id=\"featurebullets_feature_div\" data-csa-c-asin=\"B07DF32D6Q\" data-csa-c-is-in-initial-active-row=\"false\" data-csa-c-id=\"3j0pnl-7cjnp-9t8psx-tspeog\">\n<div id=\"feature-bullets\" class=\"a-section a-spacing-medium a-spacing-top-small\">\n<div data-zone-id=\"0\" data-line-index=\"0\" data-line=\"true\">\n<p><strong>Vlastnosti modulu LED panelu P1.56:<\/strong><\/p>\n<ul>\n<li><strong><a href=\"https:\/\/www.telaled.com\/cs\/pixel-pitch\/\">Rozte\u010d pixel\u016f<\/a> 1,56 mm<\/strong> Ide\u00e1ln\u00ed pro jasn\u00e9 zobrazen\u00ed na kr\u00e1tk\u00e9 vzd\u00e1lenosti, perfektn\u00ed do zasedac\u00edch m\u00edstnost\u00ed a studi\u00ed.<\/li>\n<li><strong>Vysok\u00e9 rozli\u0161en\u00ed (409 600 pixel\u016f\/m\u00b2)<\/strong> \u2013 Zaji\u0161\u0165uje detailn\u00ed a \u017eiv\u00fd obraz s pokro\u010dilou hustotou pixel\u016f.<\/li>\n<li><strong>Technologie <a href=\"https:\/\/www.telaled.com\/cs\/led-smd\/\">SMD<\/a> 1R1G1B<\/strong> \u017div\u00e9 barvy RGB a p\u0159esn\u00e1 reprodukce gradient\u016f (16 bit\u016f) pro multimedi\u00e1ln\u00ed obsah.<\/li>\n<li><strong>Nastaviteln\u00fd jas (1000\u20131500 nit\u016f)<\/strong> \u2013 P\u0159izp\u016fsobiteln\u00e9 prost\u0159ed\u00edm s r\u016fzn\u00fdmi vnit\u0159n\u00edmi sv\u011bteln\u00fdmi podm\u00ednkami.<\/li>\n<li><strong>Modul\u00e1rn\u00ed design<\/strong> \u2013 Umo\u017e\u0148uje flexibiln\u00ed mont\u00e1\u017e na zak\u00e1zkov\u00e9 obrazovky s perfektn\u00edm uchycen\u00edm a n\u00edzk\u00fdm profilem. <a href=\"https:\/\/www.telaled.com\/cs\/entendendo-o-consumo-de-energia-painel-de-led-quao-eficientes-sao-os-displays-de-led-modernos\/\">spot\u0159eba energie<\/a>.<\/li>\n<li><strong>Prodlou\u017een\u00e1 \u017eivotnost<\/strong> \u2013 V\u00edce ne\u017e 100 000 hodin nep\u0159etr\u017eit\u00e9ho provozu se zjednodu\u0161enou \u00fadr\u017ebou.<\/li>\n<li><strong>Kompatibilita s IP65 (voliteln\u00e9)<\/strong> \u2013 K dispozici jsou verze s ochranou proti prachu a vlhkosti pro n\u00e1ro\u010dn\u00e1 prost\u0159ed\u00ed.<\/li>\n<\/ul>\n<p><strong>Aplikace:<\/strong> Digit\u00e1ln\u00ed reklama, firemn\u00ed \u0159\u00eddic\u00ed m\u00edstnosti, vys\u00edlac\u00ed studia a intern\u00ed akce.<\/p>\n<p><img loading=\"lazy\" decoding=\"async\" class=\"alignnone wp-image-2017 size-full\" src=\"https:\/\/www.telaled.com\/wp-content\/uploads\/2023\/06\/quality-led-module-materials-1.webp\" alt=\"kvalitn\u00ed modul\u00e1rn\u00ed materi\u00e1ly\" width=\"768\" height=\"555\" srcset=\"https:\/\/www.telaled.com\/wp-content\/uploads\/2023\/06\/quality-led-module-materials-1.webp 768w, https:\/\/www.telaled.com\/wp-content\/uploads\/2023\/06\/quality-led-module-materials-1-300x217.webp 300w, https:\/\/www.telaled.com\/wp-content\/uploads\/2023\/06\/quality-led-module-materials-1-18x12.webp 18w, https:\/\/www.telaled.com\/wp-content\/uploads\/2023\/06\/quality-led-module-materials-1-600x434.webp 600w\" sizes=\"auto, (max-width: 768px) 100vw, 768px\" \/><\/p>\n<\/div>\n<\/div>\n<\/div>\n<div data-feature-name=\"acf-carousel\" data-csa-c-type=\"widget\" data-csa-c-content-id=\"acf-carousel\" data-csa-c-slot-id=\"acf-carousel_feature_div\" data-csa-c-asin=\"B07DF32D6Q\" data-csa-c-is-in-initial-active-row=\"false\" data-csa-c-id=\"oqpgyr-mh4egp-nntzd2-kyiiqq\">\n<table id=\"tablepress-6\" class=\"tablepress tablepress-id-6\">\n<thead>\n<tr class=\"row-1\">\n\t<th colspan=\"4\" class=\"column-1\">Technick\u00e9 detaily<\/th>\n<\/tr>\n<\/thead>\n<tbody class=\"row-striping row-hover\">\n<tr class=\"row-2\">\n\t<td class=\"column-1\">\u010c\u00edslo modelu<\/td><td class=\"column-2\">TL \u2013 P1.56 LED panelov\u00fd modul pro interi\u00e9ry<\/td><td class=\"column-3\"><\/td><td class=\"column-4\"><\/td>\n<\/tr>\n<tr class=\"row-3\">\n\t<td class=\"column-1\">N\u00e1zev zna\u010dky<\/td><td class=\"column-2\">V\u00fdrobce TELALED<\/td><td class=\"column-3\">Plochost obrazovky<\/td><td class=\"column-4\">&lt;\u00b11 mm<\/td>\n<\/tr>\n<tr class=\"row-4\">\n\t<td class=\"column-1\">M\u00edsto p\u016fvodu<\/td><td class=\"column-2\">Kuang-tung, \u010c\u00edna<\/td><td class=\"column-3\">St\u0159edn\u00ed doba mezi poruchami (MTBF)<\/td><td class=\"column-4\">&gt;10 000 hodin<\/td>\n<\/tr>\n<tr class=\"row-5\">\n\t<td class=\"column-1\">Vzd\u00e1lenost mezi pixely<\/td><td class=\"column-2\">P1.56<\/td><td class=\"column-3\">Doba pou\u017eitelnosti<\/td><td class=\"column-4\">&gt;100 000 hodin<\/td>\n<\/tr>\n<tr class=\"row-6\">\n\t<td class=\"column-1\">Minim\u00e1ln\u00ed pozorovac\u00ed vzd\u00e1lenost<\/td><td class=\"column-2\">1,56 m<\/td><td class=\"column-3\">Provozn\u00ed nap\u011bt\u00ed displeje<\/td><td class=\"column-4\">AC46\uff5e54HZ, 220V\u00b115%\/110V\u00b115%<\/td>\n<\/tr>\n<tr class=\"row-7\">\n\t<td class=\"column-1\">Konfigurace LED<\/td><td class=\"column-2\">SMD1010<\/td><td class=\"column-3\">\u00datlum sv\u011btla<\/td><td class=\"column-4\">&lt;3%<\/td>\n<\/tr>\n<tr class=\"row-8\">\n\t<td class=\"column-1\">Rozli\u0161en\u00ed modulu<\/td><td class=\"column-2\">128\u00d764 pixel\u016f<\/td><td class=\"column-3\">Svodov\u00fd proud<\/td><td class=\"column-4\">&lt;3mA<\/td>\n<\/tr>\n<tr class=\"row-9\">\n\t<td class=\"column-1\">Pixely modul\u016f<\/td><td class=\"column-2\">12288 pixel\u016f<\/td><td class=\"column-3\">Stupe\u0148 kryt\u00ed IP<\/td><td class=\"column-4\">Zadn\u00ed strana: IP40 \/ P\u0159edn\u00ed strana: IP50<\/td>\n<\/tr>\n<tr class=\"row-10\">\n\t<td class=\"column-1\">Velikost modulu<\/td><td class=\"column-2\">D200 mm*V150 mm*T17<\/td><td class=\"column-3\">Teplota a vlhkost na pracovi\u0161ti<\/td><td class=\"column-4\">Teplota: -20 \u00b0C a\u017e +60 \u00b0C \/ Vlhkost: 10% a\u017e 90% RH<\/td>\n<\/tr>\n<tr class=\"row-11\">\n\t<td class=\"column-1\">Velikost sk\u0159\u00edn\u011b<\/td><td class=\"column-2\">400 mm * 300 mm<\/td><td class=\"column-3\">Podporovan\u00e1 m\u00e9dia<\/td><td class=\"column-4\">Technick\u00e9 specifikace, Fotografie, CAD modely, Video<\/td>\n<\/tr>\n<tr class=\"row-12\">\n\t<td class=\"column-1\">Konfigurace pixel\u016f<\/td><td class=\"column-2\">SMD3-v-1, plnobarevn\u00fd R\/G\/B 1:1:1<\/td><td class=\"column-3\">Funkce<\/td><td class=\"column-4\">SDK<\/td>\n<\/tr>\n<tr class=\"row-13\">\n\t<td class=\"column-1\">Vyv\u00e1\u017een\u00fd lesk<\/td><td class=\"column-2\">1000 cd\/m\u00b2 (vnit\u0159n\u00ed)<\/td><td class=\"column-3\">Re\u017eim ovl\u00e1d\u00e1n\u00ed<\/td><td class=\"column-4\">Synchronizace s \u0159\u00eddic\u00edm po\u010d\u00edta\u010dem p\u0159es DVI<\/td>\n<\/tr>\n<tr class=\"row-14\">\n\t<td class=\"column-1\">Metoda pohonu<\/td><td class=\"column-2\">1\/32 skenov\u00e1n\u00ed<\/td><td class=\"column-3\">Podporovan\u00fd software<\/td><td class=\"column-4\">Windows XP\/W7\/Vista<\/td>\n<\/tr>\n<tr class=\"row-15\">\n\t<td class=\"column-1\">Obnovovac\u00ed frekvence<\/td><td class=\"column-2\">\u22651920 Hz<\/td><td class=\"column-3\">\u0158\u00eddic\u00ed syst\u00e9m<\/td><td class=\"column-4\">DVI karta + \u0159adi\u010d plnobarevn\u00e9ho sign\u00e1lu + optick\u00e9 vl\u00e1kno (voliteln\u00e9)<\/td>\n<\/tr>\n<tr class=\"row-16\">\n\t<td class=\"column-1\">Zm\u011bna frekvence detekce<\/td><td class=\"column-2\">50\u201360 Hz<\/td><td class=\"column-3\">Zna\u010dka hlavn\u00edho \u0159\u00eddic\u00edho syst\u00e9mu<\/td><td class=\"column-4\">Novastar, Linsn, Huidu, Colorlight<\/td>\n<\/tr>\n<tr class=\"row-17\">\n\t<td class=\"column-1\">Pozorovac\u00ed \u00fahel<\/td><td class=\"column-2\">H140\u00b0 V120\u00b0<\/td><td class=\"column-3\">Rozhran\u00ed<\/td><td class=\"column-4\">Standardn\u00ed Ethernet<\/td>\n<\/tr>\n<tr class=\"row-18\">\n\t<td class=\"column-1\">M\u00edra ne\u010dinnosti<\/td><td class=\"column-2\">\u22641%<\/td><td class=\"column-3\">P\u0159enosov\u00e1 vzd\u00e1lenost<\/td><td class=\"column-4\">V\u00edcem\u00f3dov\u00e9 vl\u00e1kno <500m >\n<\/tr>\n<tr class=\"row-19\">\n\t<td class=\"column-1\">Energetick\u00fd odpad<\/td><td class=\"column-2\">700*1000 W\/m2<\/td><td class=\"column-3\">Z\u00e1ruka<\/td><td class=\"column-4\">5 let<\/td>\n<\/tr>\n<tr class=\"row-20\">\n\t<td class=\"column-1\">Pr\u016fm\u011brn\u00e1 spot\u0159eba energie<\/td><td class=\"column-2\">260 W\/m2<\/td><td class=\"column-3\">Typ dodavatele<\/td><td class=\"column-4\">P\u016fvodn\u00ed v\u00fdrobce\/ODM\/OEM<\/td>\n<\/tr>\n<tr class=\"row-21\">\n\t<td class=\"column-1\">\u00darove\u0148 \u0161edi<\/td><td class=\"column-2\">16bitov\u00e1 (281 bilion\u016f barev) \/ 65 536 odst\u00edn\u016f na prim\u00e1rn\u00ed barvu<\/td><td class=\"column-3\">Dodac\u00ed lh\u016fta<\/td><td class=\"column-4\">25 (nebo dohodou)<\/td>\n<\/tr>\n<tr class=\"row-22\">\n\t<td class=\"column-1\">Barva displeje<\/td><td class=\"column-2\">16 milion\u016f<\/td><td class=\"column-3\">Aplikace<\/td><td class=\"column-4\">Reklama\/Interi\u00e9r\/Exteri\u00e9r<\/td>\n<\/tr>\n<tr class=\"row-23\">\n\t<td class=\"column-1\">Nep\u0159eru\u0161ovan\u00e1 pracovn\u00ed doba<\/td><td class=\"column-2\">\u226572 hodin<\/td><td class=\"column-3\">Pou\u017eit\u00ed<\/td><td class=\"column-4\">Digit\u00e1ln\u00ed reklama, N\u00e1kupn\u00ed centra, Uv\u00edtac\u00ed displeje, V\u00fdstavn\u00ed haly, Leti\u0161t\u011b, Kostely, Sport, Akce, Sch\u016fzky, Pron\u00e1jmy, P\u00f3dia, Automobilov\u00fd pr\u016fmysl, Maloobchod, Svatby<\/td>\n<\/tr>\n<tr class=\"row-24\">\n\t<td class=\"column-1\">Diskr\u00e9tn\u00ed m\u00edra slep\u00e9ho \u00fahlu<\/td><td class=\"column-2\"><1><td class=\"column-3\">Podrobnosti o balen\u00ed<\/td><td class=\"column-4\">Zes\u00edlen\u00e1 kartonov\u00e1 krabice + d\u0159evo<\/td>\n<\/tr>\n<tr class=\"row-25\">\n\t<td class=\"column-1\">Kontinu\u00e1ln\u00ed m\u00edra slep\u00e9ho \u00fahlu<\/td><td class=\"column-2\">\u017d\u00e1dn\u00fd<\/td><td class=\"column-3\">Kapacita dod\u00e1vek<\/td><td class=\"column-4\">5 000 jednotek\/m\u011bs\u00edc<\/td>\n<\/tr>\n<tr class=\"row-26\">\n\t<td class=\"column-1\">M\u00edra slep\u00e9ho \u00fahlu<\/td><td class=\"column-2\"><1><td class=\"column-3\">P\u0159\u00edstav<\/td><td class=\"column-4\">\u0160en-\u010den<\/td>\n<\/tr>\n<\/tbody>\n<\/table>\n<\/div>\n<div id=\"provenanceCertifications_feature_div\" class=\"celwidget\" data-feature-name=\"provenanceCertifications\" data-csa-c-type=\"widget\" data-csa-c-content-id=\"provenanceCertifications\" data-csa-c-slot-id=\"provenanceCertifications_feature_div\" data-csa-c-asin=\"B07DF32D6Q\" data-csa-c-is-in-initial-active-row=\"false\" data-csa-c-id=\"6t8ho-xbknmj-nqaso5-ne24gd\">\n<div id=\"provenance-certifications\" class=\"a-section a-spacing-medium a-spacing-top-micro\">\u00a0<\/div>\n<\/div>","protected":false},"excerpt":{"rendered":"<p><strong>Modul LED obrazovky P1.56 \u2013 vysok\u00e9 rozli\u0161en\u00ed pro vnit\u0159n\u00ed prost\u0159ed\u00ed<\/strong><\/p>\n<p>O <strong>LED modul P1.56<\/strong> Je to ide\u00e1ln\u00ed \u0159e\u0161en\u00ed pro ostr\u00e9 a \u017eiv\u00e9 zobrazen\u00ed v interi\u00e9rech, jako jsou zasedac\u00ed m\u00edstnosti, studia a \u0159\u00eddic\u00ed centra. S <strong>rozte\u010d pixel\u016f pouh\u00fdch 1,56 mm<\/strong>, Nab\u00edz\u00ed ultra ostr\u00fd obraz i na kr\u00e1tkou pozorovac\u00ed vzd\u00e1lenost.<\/p>\n<p><strong>Hlavn\u00ed vlastnosti:<\/strong><\/p>\n<p><strong>Vysok\u00e9 rozli\u0161en\u00ed:<\/strong> Rozte\u010d pixel\u016f 1,56 mm pro ohromuj\u00edc\u00ed detaily.<br \/>\n<strong>\u017div\u00e9 barvy:<\/strong> Technologie RGB LED s <strong>16bitov\u00fd gradient<\/strong>, co\u017e zaji\u0161\u0165uje v\u011brnou reprodukci barev.<br \/>\n<strong>Nastaviteln\u00fd jas:<\/strong> P\u0159izp\u016fsobiteln\u00e9 r\u016fzn\u00fdm sv\u011bteln\u00fdm podm\u00ednk\u00e1m (1000\u20131500 nit\u016f).<br \/>\n<strong>Modul\u00e1rn\u00ed design:<\/strong> Umo\u017e\u0148uje flexibiln\u00ed mont\u00e1\u017e na obrazovky jak\u00e9koli velikosti., <strong>s perfektn\u00edm padnut\u00edm<\/strong>.<br \/>\n<strong>Energetick\u00e1 \u00fa\u010dinnost:<\/strong> Sn\u00ed\u017een\u00e1 spot\u0159eba a <strong>\u017eivotnost p\u0159esahuj\u00edc\u00ed 100 000 hodin<\/strong>.<br \/>\n<strong>Aplikace:<\/strong> Ide\u00e1ln\u00ed pro digit\u00e1ln\u00ed reklamu, <a href=\"https:\/\/www.telaled.com\/cs\/painel-de-led-para-eventos-corporativos-blog\/\">firemn\u00ed akce a akce<\/a> kde je vizu\u00e1ln\u00ed kvalita z\u00e1sadn\u00ed. Zahrnuje <strong>5let\u00e1 z\u00e1ruka<\/strong> Pro naprost\u00fd klid.<\/p>","protected":false},"featured_media":2034,"template":"","meta":[],"product_brand":[],"product_cat":[41],"product_tag":[],"class_list":{"0":"post-1393","1":"product","2":"type-product","3":"status-publish","4":"has-post-thumbnail","6":"product_cat-modulo-painel-de-led","8":"first","9":"instock","10":"shipping-taxable","11":"product-type-simple"},"yoast_head":"<!-- This site is optimized with the Yoast SEO plugin v27.4 - https:\/\/yoast.com\/product\/yoast-seo-wordpress\/ -->\n<title>M\u00f3dulo de Painel LED P1.56 - Alta Resolu\u00e7\u00e3o para Ambientes Internos | TELALED<\/title>\n<meta name=\"description\" content=\"O m\u00f3dulo LED P1.56 da TELALED oferece pixel pitch de 1.56mm para imagens ultradefinidas em salas de reuni\u00e3o e est\u00fadios. Design modular, 100.000 horas de vida \u00fatil e 5 anos de garantia. Solu\u00e7\u00e3o profissional para publicidade digital e controle de m\u00eddia.\" \/>\n<meta name=\"robots\" content=\"index, follow, max-snippet:-1, max-image-preview:large, max-video-preview:-1\" \/>\n<link rel=\"canonical\" href=\"https:\/\/www.telaled.com\/cs\/fabrica\/modulo-painel-de-led-p1-56\/\" \/>\n<meta property=\"og:locale\" content=\"cs_CZ\" \/>\n<meta property=\"og:type\" content=\"article\" \/>\n<meta property=\"og:title\" content=\"M\u00f3dulo de Painel LED P1.56 - Alta Resolu\u00e7\u00e3o para Ambientes Internos | TELALED\" \/>\n<meta property=\"og:description\" content=\"O m\u00f3dulo LED P1.56 da TELALED oferece pixel pitch de 1.56mm para imagens ultradefinidas em salas de reuni\u00e3o e est\u00fadios. Design modular, 100.000 horas de vida \u00fatil e 5 anos de garantia. Solu\u00e7\u00e3o profissional para publicidade digital e controle de m\u00eddia.\" \/>\n<meta property=\"og:url\" content=\"https:\/\/www.telaled.com\/cs\/fabrica\/modulo-painel-de-led-p1-56\/\" \/>\n<meta property=\"og:site_name\" content=\"TELALED\" \/>\n<meta property=\"article:modified_time\" content=\"2026-01-02T06:36:07+00:00\" \/>\n<meta property=\"og:image\" content=\"https:\/\/www.telaled.com\/wp-content\/uploads\/2023\/06\/p1.56-led-module-1.webp\" \/>\n\t<meta property=\"og:image:width\" content=\"500\" \/>\n\t<meta property=\"og:image:height\" content=\"500\" \/>\n\t<meta property=\"og:image:type\" content=\"image\/webp\" \/>\n<meta name=\"twitter:card\" content=\"summary_large_image\" \/>\n<meta name=\"twitter:label1\" content=\"Est. reading time\" \/>\n\t<meta name=\"twitter:data1\" content=\"2 minuty\" \/>\n<script type=\"application\/ld+json\" class=\"yoast-schema-graph\">{\"@context\":\"https:\\\/\\\/schema.org\",\"@graph\":[{\"@type\":\"WebPage\",\"@id\":\"https:\\\/\\\/www.telaled.com\\\/fabrica\\\/modulo-painel-de-led-p1-56\\\/\",\"url\":\"https:\\\/\\\/www.telaled.com\\\/fabrica\\\/modulo-painel-de-led-p1-56\\\/\",\"name\":\"M\u00f3dulo de Painel LED P1.56 - Alta Resolu\u00e7\u00e3o para Ambientes Internos | TELALED\",\"isPartOf\":{\"@id\":\"https:\\\/\\\/www.telaled.com\\\/#website\"},\"primaryImageOfPage\":{\"@id\":\"https:\\\/\\\/www.telaled.com\\\/fabrica\\\/modulo-painel-de-led-p1-56\\\/#primaryimage\"},\"image\":{\"@id\":\"https:\\\/\\\/www.telaled.com\\\/fabrica\\\/modulo-painel-de-led-p1-56\\\/#primaryimage\"},\"thumbnailUrl\":\"https:\\\/\\\/www.telaled.com\\\/wp-content\\\/uploads\\\/2023\\\/06\\\/p1.56-led-module-1.webp\",\"datePublished\":\"2023-06-08T07:38:38+00:00\",\"dateModified\":\"2026-01-02T06:36:07+00:00\",\"description\":\"O m\u00f3dulo LED P1.56 da TELALED oferece pixel pitch de 1.56mm para imagens ultradefinidas em salas de reuni\u00e3o e est\u00fadios. Design modular, 100.000 horas de vida \u00fatil e 5 anos de garantia. Solu\u00e7\u00e3o profissional para publicidade digital e controle de m\u00eddia.\",\"breadcrumb\":{\"@id\":\"https:\\\/\\\/www.telaled.com\\\/fabrica\\\/modulo-painel-de-led-p1-56\\\/#breadcrumb\"},\"inLanguage\":\"cs\",\"potentialAction\":[{\"@type\":\"ReadAction\",\"target\":[\"https:\\\/\\\/www.telaled.com\\\/fabrica\\\/modulo-painel-de-led-p1-56\\\/\"]}]},{\"@type\":\"ImageObject\",\"inLanguage\":\"cs\",\"@id\":\"https:\\\/\\\/www.telaled.com\\\/fabrica\\\/modulo-painel-de-led-p1-56\\\/#primaryimage\",\"url\":\"https:\\\/\\\/www.telaled.com\\\/wp-content\\\/uploads\\\/2023\\\/06\\\/p1.56-led-module-1.webp\",\"contentUrl\":\"https:\\\/\\\/www.telaled.com\\\/wp-content\\\/uploads\\\/2023\\\/06\\\/p1.56-led-module-1.webp\",\"width\":500,\"height\":500,\"caption\":\"p1.56-led-module\"},{\"@type\":\"BreadcrumbList\",\"@id\":\"https:\\\/\\\/www.telaled.com\\\/fabrica\\\/modulo-painel-de-led-p1-56\\\/#breadcrumb\",\"itemListElement\":[{\"@type\":\"ListItem\",\"position\":1,\"name\":\"Home\",\"item\":\"https:\\\/\\\/www.telaled.com\\\/\"},{\"@type\":\"ListItem\",\"position\":2,\"name\":\"Produtos\",\"item\":\"https:\\\/\\\/www.telaled.com\\\/shop\\\/\"},{\"@type\":\"ListItem\",\"position\":3,\"name\":\"Modulo Painel de LED P1.56\"}]},{\"@type\":\"WebSite\",\"@id\":\"https:\\\/\\\/www.telaled.com\\\/#website\",\"url\":\"https:\\\/\\\/www.telaled.com\\\/\",\"name\":\"TELALED\",\"description\":\"\",\"potentialAction\":[{\"@type\":\"SearchAction\",\"target\":{\"@type\":\"EntryPoint\",\"urlTemplate\":\"https:\\\/\\\/www.telaled.com\\\/?s={search_term_string}\"},\"query-input\":{\"@type\":\"PropertyValueSpecification\",\"valueRequired\":true,\"valueName\":\"search_term_string\"}}],\"inLanguage\":\"cs\"}]}<\/script>\n<!-- \/ Yoast SEO plugin. -->","yoast_head_json":{"title":"Modul LED panelu P1.56 - Vysok\u00e9 rozli\u0161en\u00ed pro vnit\u0159n\u00ed prost\u0159ed\u00ed | TELALED","description":"LED modul TELALED P1.56 nab\u00edz\u00ed rozte\u010d pixel\u016f 1,56 mm pro ultra ostr\u00fd obraz v zasedac\u00edch m\u00edstnostech a studi\u00edch. Modul\u00e1rn\u00ed design, \u017eivotnost 100 000 hodin a 5let\u00e1 z\u00e1ruka. Profesion\u00e1ln\u00ed \u0159e\u0161en\u00ed pro digit\u00e1ln\u00ed reklamu a ovl\u00e1d\u00e1n\u00ed m\u00e9di\u00ed.","robots":{"index":"index","follow":"follow","max-snippet":"max-snippet:-1","max-image-preview":"max-image-preview:large","max-video-preview":"max-video-preview:-1"},"canonical":"https:\/\/www.telaled.com\/cs\/fabrica\/modulo-painel-de-led-p1-56\/","og_locale":"cs_CZ","og_type":"article","og_title":"M\u00f3dulo de Painel LED P1.56 - Alta Resolu\u00e7\u00e3o para Ambientes Internos | TELALED","og_description":"O m\u00f3dulo LED P1.56 da TELALED oferece pixel pitch de 1.56mm para imagens ultradefinidas em salas de reuni\u00e3o e est\u00fadios. Design modular, 100.000 horas de vida \u00fatil e 5 anos de garantia. Solu\u00e7\u00e3o profissional para publicidade digital e controle de m\u00eddia.","og_url":"https:\/\/www.telaled.com\/cs\/fabrica\/modulo-painel-de-led-p1-56\/","og_site_name":"TELALED","article_modified_time":"2026-01-02T06:36:07+00:00","og_image":[{"width":500,"height":500,"url":"https:\/\/www.telaled.com\/wp-content\/uploads\/2023\/06\/p1.56-led-module-1.webp","type":"image\/webp"}],"twitter_card":"summary_large_image","twitter_misc":{"Est. reading time":"2 minuty"},"schema":{"@context":"https:\/\/schema.org","@graph":[{"@type":"WebPage","@id":"https:\/\/www.telaled.com\/fabrica\/modulo-painel-de-led-p1-56\/","url":"https:\/\/www.telaled.com\/fabrica\/modulo-painel-de-led-p1-56\/","name":"Modul LED panelu P1.56 - Vysok\u00e9 rozli\u0161en\u00ed pro vnit\u0159n\u00ed prost\u0159ed\u00ed | TELALED","isPartOf":{"@id":"https:\/\/www.telaled.com\/#website"},"primaryImageOfPage":{"@id":"https:\/\/www.telaled.com\/fabrica\/modulo-painel-de-led-p1-56\/#primaryimage"},"image":{"@id":"https:\/\/www.telaled.com\/fabrica\/modulo-painel-de-led-p1-56\/#primaryimage"},"thumbnailUrl":"https:\/\/www.telaled.com\/wp-content\/uploads\/2023\/06\/p1.56-led-module-1.webp","datePublished":"2023-06-08T07:38:38+00:00","dateModified":"2026-01-02T06:36:07+00:00","description":"LED modul TELALED P1.56 nab\u00edz\u00ed rozte\u010d pixel\u016f 1,56 mm pro ultra ostr\u00fd obraz v zasedac\u00edch m\u00edstnostech a studi\u00edch. Modul\u00e1rn\u00ed design, \u017eivotnost 100 000 hodin a 5let\u00e1 z\u00e1ruka. Profesion\u00e1ln\u00ed \u0159e\u0161en\u00ed pro digit\u00e1ln\u00ed reklamu a ovl\u00e1d\u00e1n\u00ed m\u00e9di\u00ed.","breadcrumb":{"@id":"https:\/\/www.telaled.com\/fabrica\/modulo-painel-de-led-p1-56\/#breadcrumb"},"inLanguage":"cs","potentialAction":[{"@type":"ReadAction","target":["https:\/\/www.telaled.com\/fabrica\/modulo-painel-de-led-p1-56\/"]}]},{"@type":"ImageObject","inLanguage":"cs","@id":"https:\/\/www.telaled.com\/fabrica\/modulo-painel-de-led-p1-56\/#primaryimage","url":"https:\/\/www.telaled.com\/wp-content\/uploads\/2023\/06\/p1.56-led-module-1.webp","contentUrl":"https:\/\/www.telaled.com\/wp-content\/uploads\/2023\/06\/p1.56-led-module-1.webp","width":500,"height":500,"caption":"p1.56-led-module"},{"@type":"BreadcrumbList","@id":"https:\/\/www.telaled.com\/fabrica\/modulo-painel-de-led-p1-56\/#breadcrumb","itemListElement":[{"@type":"ListItem","position":1,"name":"Home","item":"https:\/\/www.telaled.com\/"},{"@type":"ListItem","position":2,"name":"Produtos","item":"https:\/\/www.telaled.com\/shop\/"},{"@type":"ListItem","position":3,"name":"Modulo Painel de LED P1.56"}]},{"@type":"WebSite","@id":"https:\/\/www.telaled.com\/#website","url":"https:\/\/www.telaled.com\/","name":"LED obrazovka","description":"","potentialAction":[{"@type":"SearchAction","target":{"@type":"EntryPoint","urlTemplate":"https:\/\/www.telaled.com\/?s={search_term_string}"},"query-input":{"@type":"PropertyValueSpecification","valueRequired":true,"valueName":"search_term_string"}}],"inLanguage":"cs"}]}},"_links":{"self":[{"href":"https:\/\/www.telaled.com\/cs\/wp-json\/wp\/v2\/product\/1393","targetHints":{"allow":["GET"]}}],"collection":[{"href":"https:\/\/www.telaled.com\/cs\/wp-json\/wp\/v2\/product"}],"about":[{"href":"https:\/\/www.telaled.com\/cs\/wp-json\/wp\/v2\/types\/product"}],"wp:featuredmedia":[{"embeddable":true,"href":"https:\/\/www.telaled.com\/cs\/wp-json\/wp\/v2\/media\/2034"}],"wp:attachment":[{"href":"https:\/\/www.telaled.com\/cs\/wp-json\/wp\/v2\/media?parent=1393"}],"wp:term":[{"taxonomy":"product_brand","embeddable":true,"href":"https:\/\/www.telaled.com\/cs\/wp-json\/wp\/v2\/product_brand?post=1393"},{"taxonomy":"product_cat","embeddable":true,"href":"https:\/\/www.telaled.com\/cs\/wp-json\/wp\/v2\/product_cat?post=1393"},{"taxonomy":"product_tag","embeddable":true,"href":"https:\/\/www.telaled.com\/cs\/wp-json\/wp\/v2\/product_tag?post=1393"}],"curies":[{"name":"wp","href":"https:\/\/api.w.org\/{rel}","templated":true}]}}