{"id":32,"date":"2023-03-05T10:42:28","date_gmt":"2023-03-05T10:42:28","guid":{"rendered":"https:\/\/plum-wolverine-723597.hostingersite.com\/?page_id=32"},"modified":"2025-07-18T10:27:51","modified_gmt":"2025-07-18T10:27:51","slug":"contato","status":"publish","type":"page","link":"https:\/\/www.telaled.com\/cs\/contato\/","title":{"rendered":"Kontakt"},"content":{"rendered":"<div class=\"banner has-hover\" id=\"banner-1727299112\">\n          <div class=\"banner-inner fill\">\n        <div class=\"banner-bg fill\" >\n            <div class=\"bg fill bg-fill\"><\/div>\n                        <div class=\"overlay\"><\/div>            \n                    <\/div>\n\t\t\n        <div class=\"banner-layers container\">\n            <div class=\"fill banner-link\"><\/div>            \n   <div id=\"text-box-914978024\" class=\"text-box banner-layer x50 md-x50 lg-x50 y50 md-y50 lg-y50 res-text\">\n                                <div class=\"text-box-content text dark\">\n              \n              <div class=\"text-inner text-center\">\n                  \n<h1><span style=\"font-size: 75%;\">Z\u00edskejte kompletn\u00ed \u0159e\u0161en\u00ed pro prezentaci va\u0161eho projektu hned te\u010f!<\/span><\/h1>\n              <\/div>\n           <\/div>\n                            \n<style>\n#text-box-914978024 {\n  width: 80%;\n}\n#text-box-914978024 .text-box-content {\n  font-size: 100%;\n}\n<\/style>\n    <\/div>\n \n        <\/div>\n      <\/div>\n\n            \n<style>\n#banner-1727299112 {\n  padding-top: 50%;\n}\n#banner-1727299112 .overlay {\n  background-color: rgba(0,0,0,.5);\n}\n@media (min-width:550px) {\n  #banner-1727299112 {\n    padding-top: 30%;\n  }\n}\n<\/style>\n  <\/div>\n\n\n\t<section class=\"section\" id=\"section_1249375420\">\n\t\t<div class=\"bg section-bg fill bg-fill  bg-loaded\" >\n\n\t\t\t\n\t\t\t\n\t\t\t\n\n\t\t<\/div>\n\n\t\t\n\n\t\t<div class=\"section-content relative\">\n\t\t\t\n<div class=\"row align-equal\"  id=\"row-350938583\">\n\n\t<div id=\"col-1406258325\" class=\"col small-12 large-12\"  >\n\t\t\t\t<div class=\"col-inner\"  >\n\t\t\t\n\t\t\t\n\t<div id=\"gap-1263736732\" class=\"gap-element clearfix\" style=\"display:block; height:auto;\">\n\t\t\n<style>\n#gap-1263736732 {\n  padding-top: 10px;\n}\n@media (min-width:550px) {\n  #gap-1263736732 {\n    padding-top: 50px;\n  }\n}\n<\/style>\n\t<\/div>\n\t\n<div class=\"container section-title-container\" ><h2 class=\"section-title section-title-center\"><b><\/b><span class=\"section-title-main\" style=\"color:rgb(38, 119, 11);\">Kontaktujte n\u00e1s<\/span><b><\/b><\/h2><\/div>\n<div class=\"text-center\"><div class=\"is-divider divider clearfix\" style=\"max-width:100px;background-color:rgb(1, 112, 24);\"><\/div><\/div>\n\t\t<\/div>\n\t\t\t\t\t<\/div>\n\n\t\n<\/div>\n<div class=\"row row-small align-middle\"  id=\"row-845093460\">\n\n\t<div id=\"col-162896332\" class=\"col medium-5 small-12 large-5\"  >\n\t\t\t\t<div class=\"col-inner\"  >\n\t\t\t\n\t\t\t\n\t<div id=\"gap-551819223\" class=\"gap-element clearfix\" style=\"display:block; height:auto;\">\n\t\t\n<style>\n#gap-551819223 {\n  padding-top: 30px;\n}\n<\/style>\n\t<\/div>\n\t\n\n\t\t<div class=\"icon-box featured-box icon-box-center text-center\"  >\n\t\t\t\t\t<div class=\"icon-box-img\" style=\"width: 57px\">\n\t\t\t\t<div class=\"icon\">\n\t\t\t\t\t<div class=\"icon-inner\" >\n\t\t\t\t\t\t<img loading=\"lazy\" decoding=\"async\" width=\"300\" height=\"300\" src=\"https:\/\/www.telaled.com\/wp-content\/uploads\/2023\/04\/contact-us-2.webp\" class=\"attachment-medium size-medium\" alt=\"\" srcset=\"https:\/\/www.telaled.com\/wp-content\/uploads\/2023\/04\/contact-us-2.webp 300w, https:\/\/www.telaled.com\/wp-content\/uploads\/2023\/04\/contact-us-2-150x150.webp 150w, https:\/\/www.telaled.com\/wp-content\/uploads\/2023\/04\/contact-us-2-100x100.webp 100w\" sizes=\"auto, (max-width: 300px) 100vw, 300px\" \/>\t\t\t\t\t<\/div>\n\t\t\t\t<\/div>\n\t\t\t<\/div>\n\t\t\t\t<div class=\"icon-box-text last-reset\">\n\t\t\t\t\t\t\t\t\t\n<p>Adresa<br \/>\n\u010d. 4, Zhengcheng 3rd Road, Xintian Community, Fuyong Street, Bao&#039;an District, Shenzhen, \u010c\u00edna<\/p>\n\t\t<\/div>\n\t<\/div>\n\t\n\t\n\t<div id=\"gap-893378185\" class=\"gap-element clearfix\" style=\"display:block; height:auto;\">\n\t\t\n<style>\n#gap-893378185 {\n  padding-top: 30px;\n}\n<\/style>\n\t<\/div>\n\t\n\t\t<\/div>\n\t\t\t\t\t<\/div>\n\n\t\n\n\t<div id=\"col-4685658\" class=\"col medium-2 small-12 large-2\"  >\n\t\t\t\t<div class=\"col-inner\"  >\n\t\t\t\n\t\t\t\n\t<div id=\"gap-406233705\" class=\"gap-element clearfix\" style=\"display:block; height:auto;\">\n\t\t\n<style>\n#gap-406233705 {\n  padding-top: 30px;\n}\n<\/style>\n\t<\/div>\n\t\n\t<div id=\"gap-447410080\" class=\"gap-element clearfix\" style=\"display:block; height:auto;\">\n\t\t\n<style>\n#gap-447410080 {\n  padding-top: 30px;\n}\n<\/style>\n\t<\/div>\n\t\n\t\t<\/div>\n\t\t\t\t\t<\/div>\n\n\t\n\n\t<div id=\"col-966414297\" class=\"col medium-5 small-12 large-5\"  >\n\t\t\t\t<div class=\"col-inner\"  >\n\t\t\t\n\t\t\t\n\t<div id=\"gap-1487488244\" class=\"gap-element clearfix\" style=\"display:block; height:auto;\">\n\t\t\n<style>\n#gap-1487488244 {\n  padding-top: 30px;\n}\n<\/style>\n\t<\/div>\n\t\n\n\t\t<div class=\"icon-box featured-box icon-box-center text-center\"  >\n\t\t\t\t\t<div class=\"icon-box-img\" style=\"width: 57px\">\n\t\t\t\t<div class=\"icon\">\n\t\t\t\t\t<div class=\"icon-inner\" >\n\t\t\t\t\t\t<img loading=\"lazy\" decoding=\"async\" width=\"300\" height=\"300\" src=\"https:\/\/www.telaled.com\/wp-content\/uploads\/2023\/04\/contact-us-1.webp\" class=\"attachment-medium size-medium\" alt=\"\" srcset=\"https:\/\/www.telaled.com\/wp-content\/uploads\/2023\/04\/contact-us-1.webp 300w, https:\/\/www.telaled.com\/wp-content\/uploads\/2023\/04\/contact-us-1-150x150.webp 150w, https:\/\/www.telaled.com\/wp-content\/uploads\/2023\/04\/contact-us-1-100x100.webp 100w\" sizes=\"auto, (max-width: 300px) 100vw, 300px\" \/>\t\t\t\t\t<\/div>\n\t\t\t\t<\/div>\n\t\t\t<\/div>\n\t\t\t\t<div class=\"icon-box-text last-reset\">\n\t\t\t\t\t\t\t\t\t\n<p>Po\u0161lete n\u00e1m e-mail<br \/>\n<a href=\"mailto:info@telaled.com\">info@telaled.com<\/a><\/p>\n\t\t<\/div>\n\t<\/div>\n\t\n\t\n\t<div id=\"gap-2089924260\" class=\"gap-element clearfix\" style=\"display:block; height:auto;\">\n\t\t\n<style>\n#gap-2089924260 {\n  padding-top: 30px;\n}\n<\/style>\n\t<\/div>\n\t\n\t\t<\/div>\n\t\t\t\t\t<\/div>\n\n\t\n<\/div>\n\t\t<\/div>\n\n\t\t\n<style>\n#section_1249375420 {\n  padding-top: 30px;\n  padding-bottom: 30px;\n}\n<\/style>\n\t<\/section>\n\t\n\t<section class=\"section\" id=\"section_676884957\">\n\t\t<div class=\"bg section-bg fill bg-fill  bg-loaded\" >\n\n\t\t\t\n\t\t\t<div class=\"section-bg-overlay absolute fill\"><\/div>\n\t\t\t\n\n\t\t<\/div>\n\n\t\t\n\n\t\t<div class=\"section-content relative\">\n\t\t\t\n<div class=\"row\"  id=\"row-1645200037\">\n\n\t<div id=\"col-1442181485\" class=\"col small-12 large-12\"  >\n\t\t\t\t<div class=\"col-inner\"  >\n\t\t\t\n\t\t\t\n<div class=\"container section-title-container\" ><h2 class=\"section-title section-title-center\"><b><\/b><span class=\"section-title-main\" style=\"color:rgb(38, 119, 11);\">Kontakt TELALED<\/span><b><\/b><\/h2><\/div>\n\n<div class=\"wpcf7 no-js\" id=\"wpcf7-f2073-o1\" lang=\"en-US\" dir=\"ltr\" data-wpcf7-id=\"2073\">\n<div class=\"screen-reader-response\"><p role=\"status\" aria-live=\"polite\" aria-atomic=\"true\"><\/p> <ul><\/ul><\/div>\n<form action=\"\/cs\/wp-json\/wp\/v2\/pages\/32#wpcf7-f2073-o1\" method=\"post\" class=\"wpcf7-form init\" aria-label=\"Kontaktn\u00ed formul\u00e1\u0159\" enctype=\"multipart\/form-data\" novalidate=\"novalidate\" data-status=\"init\" data-trp-original-action=\"\/cs\/wp-json\/wp\/v2\/pages\/32#wpcf7-f2073-o1\">\n<fieldset class=\"hidden-fields-container\"><input type=\"hidden\" name=\"_wpcf7\" value=\"2073\" \/><input type=\"hidden\" name=\"_wpcf7_version\" value=\"6.1.5\" \/><input type=\"hidden\" name=\"_wpcf7_locale\" value=\"en_US\" \/><input type=\"hidden\" name=\"_wpcf7_unit_tag\" value=\"wpcf7-f2073-o1\" \/><input type=\"hidden\" name=\"_wpcf7_container_post\" value=\"0\" \/><input type=\"hidden\" name=\"_wpcf7_posted_data_hash\" value=\"\" \/>\n<\/fieldset>\n<div class=\"telaled-uniform-form\">\n <!-- \u7b2c\u4e00\u884c - \u7edf\u4e00\u9ad8\u5ea6 -->\n\t<div class=\"form-row uniform-row\">\n\t\t<div class=\"form-col\">\n\t\t\t<p><label>Jak\u00fd typ budete pot\u0159ebovat?<\/label><br \/>\n<span class=\"wpcf7-form-control-wrap\" data-name=\"tipo-desejado\"><select class=\"wpcf7-form-control wpcf7-select wpcf7-validates-as-required uniform-field\" aria-required=\"true\" aria-invalid=\"false\" name=\"tipo-desejado\"><option value=\"Midia Outdoor\">Venkovn\u00ed m\u00e9dia<\/option><option value=\"Midia Indoor\">Vnit\u0159n\u00ed m\u00e9dia<\/option><\/select><\/span>\n\t\t\t<\/p>\n\t\t<\/div>\n\t\t<div class=\"form-col\">\n\t\t\t<p><label>STAV PROJEKTU<\/label><br \/>\n<span class=\"wpcf7-form-control-wrap\" data-name=\"status-projeto\"><select class=\"wpcf7-form-control wpcf7-select wpcf7-validates-as-required uniform-field\" aria-required=\"true\" aria-invalid=\"false\" name=\"status-projeto\"><option value=\"Comparando o custo, pronto para comprar\">Porovn\u00e1v\u00e1m cenu, jsem p\u0159ipraven\/a k n\u00e1kupu.<\/option><option value=\"Precisa instalar em at\u00e9 6 meses\">Instalace je nutn\u00e1 do 6 m\u011bs\u00edc\u016f.<\/option><option value=\"Ainda confirme as informa\u00e7\u00f5es para escolher o produto correto\">P\u0159ed v\u00fdb\u011brem spr\u00e1vn\u00e9ho produktu si pros\u00edm ov\u011b\u0159te informace.<\/option><option value=\"S\u00f3 estou interessado, sem projeto no momento\">Jen m\u011b to zaj\u00edm\u00e1, moment\u00e1ln\u011b nem\u00e1m \u017e\u00e1dn\u00fd projekt.<\/option><\/select><\/span>\n\t\t\t<\/p>\n\t\t<\/div>\n\t<\/div>\n\n <!-- \u7b2c\u4e8c\u884c - \u7edf\u4e00\u9ad8\u5ea6 -->\n\t<div class=\"form-row uniform-row\">\n\t\t<div class=\"form-col\">\n\t\t\t<p><label>INSTALACE<\/label><br \/>\n<span class=\"wpcf7-form-control-wrap\" data-name=\"tipo-instalacao\"><select class=\"wpcf7-form-control wpcf7-select wpcf7-validates-as-required uniform-field\" aria-required=\"true\" aria-invalid=\"false\" name=\"tipo-instalacao\"><option value=\"Fixo\">Opraveno<\/option><option value=\"M\u00f3vel\">Mobiln\u00ed<\/option><\/select><\/span>\n\t\t\t<\/p>\n\t\t<\/div>\n\t\t<div class=\"form-col\">\n\t\t\t<p><label>DOHLEDN\u00c1 VZD\u00c1LENOST (metry)<\/label><br \/>\n<span class=\"wpcf7-form-control-wrap\" data-name=\"distancia\"><input class=\"wpcf7-form-control wpcf7-number wpcf7-validates-as-number uniform-field\" min=\"0\" step=\"0.01\" aria-invalid=\"false\" value=\"\" type=\"number\" name=\"distancia\" \/><\/span>\n\t\t\t<\/p>\n\t\t<\/div>\n\t<\/div>\n\n <!-- \u7b2c\u4e09\u884c -->\n\t<div class=\"form-row uniform-row\">\n\t\t<div class=\"form-col\">\n\t\t\t<p><label>\u0160\u00cd\u0158KA (metry)<\/label><br \/>\n<span class=\"wpcf7-form-control-wrap\" data-name=\"largura\"><input class=\"wpcf7-form-control wpcf7-number wpcf7-validates-as-number uniform-field\" min=\"0.1\" step=\"0.01\" aria-invalid=\"false\" value=\"\" type=\"number\" name=\"largura\" \/><\/span>\n\t\t\t<\/p>\n\t\t<\/div>\n\t\t<div class=\"form-col\">\n\t\t\t<p><label>V\u00dd\u0160KA (metry)<\/label><br \/>\n<span class=\"wpcf7-form-control-wrap\" data-name=\"altura\"><input class=\"wpcf7-form-control wpcf7-number wpcf7-validates-as-number uniform-field\" min=\"0.1\" step=\"0.01\" aria-invalid=\"false\" value=\"\" type=\"number\" name=\"altura\" \/><\/span>\n\t\t\t<\/p>\n\t\t<\/div>\n\t<\/div>\n\n <!-- \u7b2c\u56db\u884c -->\n\t<div class=\"form-row uniform-row\">\n\t\t<div class=\"form-col\">\n\t\t\t<p><label>CEL\u00c9 JM\u00c9NO *<\/label><br \/>\n<span class=\"wpcf7-form-control-wrap\" data-name=\"nome-completo\"><input size=\"40\" maxlength=\"400\" class=\"wpcf7-form-control wpcf7-text wpcf7-validates-as-required uniform-field\" aria-required=\"true\" aria-invalid=\"false\" value=\"\" type=\"text\" name=\"nome-completo\" \/><\/span>\n\t\t\t<\/p>\n\t\t<\/div>\n\t\t<div class=\"form-col\">\n\t\t\t<p><label>E-MAIL *<\/label><br \/>\n<span class=\"wpcf7-form-control-wrap\" data-name=\"seu-email\"><input size=\"40\" maxlength=\"400\" class=\"wpcf7-form-control wpcf7-email wpcf7-validates-as-required wpcf7-text wpcf7-validates-as-email uniform-field\" aria-required=\"true\" aria-invalid=\"false\" value=\"\" type=\"email\" name=\"seu-email\" \/><\/span>\n\t\t\t<\/p>\n\t\t<\/div>\n\t<\/div>\n\n <!-- \u7b2c\u4e94\u884c - \u5168\u5bbd\u6587\u672c\u57df -->\n\t<div class=\"form-full-row\">\n\t\t<p><label>ZPR\u00c1VA<\/label><br \/>\n<span class=\"wpcf7-form-control-wrap\" data-name=\"mensagem\"><textarea cols=\"40\" rows=\"4\" maxlength=\"2000\" class=\"wpcf7-form-control wpcf7-textarea uniform-textarea\" aria-invalid=\"false\" name=\"mensagem\"><\/textarea><\/span>\n\t\t<\/p>\n\t<\/div>\n\n <!-- \u7b2c\u516d\u884c -->\n\t<div class=\"form-full-row\">\n\t\t<p><label>NAHR\u00c1N\u00cd SOUBORU (VOLITELN\u00c9)<\/label><br \/>\n<span class=\"wpcf7-form-control-wrap\" data-name=\"upload-arquivo\"><input size=\"40\" class=\"wpcf7-form-control wpcf7-file\" accept=\".jpg,.png,.pdf,.doc,.docx,.zip\" aria-invalid=\"false\" type=\"file\" name=\"upload-arquivo\" \/><\/span>\n\t\t<\/p>\n\t<\/div>\n\t<div style=\"margin-bottom:10px; style=\"width:100%\">\n\t\t<p><span class=\"wpcf7-form-control-wrap kc_captcha cf7ic-toggle\" data-name=\"kc_captcha\"><span class=\"wpcf7-form-control wpcf7-radio\"><span class=\"captcha-image\" style=\"display: none;\"><span class=\"cf7ic_instructions\">Proka\u017ete pros\u00edm, \u017ee jste \u010dlov\u011bk, v\u00fdb\u011brem<span> vlajka<\/span>.<\/span><label><input aria-label=\"1\" type=\"radio\" name=\"kc_captcha\" value=\"bot\" \/><svg aria-hidden=\"true\" role=\"img\" xmlns=\"http:\/\/www.w3.org\/2000\/svg\" viewbox=\"0 0 512 512\"><path fill=\"currentColor\" d=\"M500 168h-55l-8-21a127 127 0 00-120-83H195a127 127 0 00-120 83l-8 21H12c-8 0-14 8-11 16l8 24a12 12 0 0011 8h29a64 64 0 00-33 56v48c0 16 6 31 16 42v62c0 13 11 24 24 24h48c13 0 24-11 24-24v-40h256v40c0 13 11 24 24 24h48c13 0 24-11 24-24v-62c10-11 16-26 16-42v-48c0-24-13-45-33-56h29a12 12 0 0011-8l8-24c3-8-3-16-11-16zm-365 2c9-25 33-42 60-42h122c27 0 51 17 60 42l15 38H120l15-38zM88 328a32 32 0 010-64c18 0 48 30 48 48s-30 16-48 16zm336 0c-18 0-48 2-48-16s30-48 48-48 32 14 32 32-14 32-32 32z\"\/><\/svg><\/label><label><input aria-label=\"2\" type=\"radio\" name=\"kc_captcha\" value=\"kc_human\" \/><svg aria-hidden=\"true\" role=\"img\" xmlns=\"http:\/\/www.w3.org\/2000\/svg\" viewbox=\"0 0 512 512\"><path fill=\"currentColor\" d=\"M350 99c-54 0-98-35-166-35-25 0-47 4-68 12a56 56 0 004-24C118 24 95 1 66 0a56 56 0 00-34 102v386c0 13 11 24 24 24h16c13 0 24-11 24-24v-94c28-12 64-23 114-23 54 0 98 35 166 35 48 0 86-16 122-41 9-6 14-15 14-26V96c0-23-24-39-45-29-35 16-77 32-117 32z\"\/><\/svg><\/label><label><input aria-label=\"3\" type=\"radio\" name=\"kc_captcha\" value=\"bot\" \/><svg aria-hidden=\"true\" role=\"img\" xmlns=\"http:\/\/www.w3.org\/2000\/svg\" viewbox=\"0 0 512 512\"><path fill=\"currentColor\" d=\"M512 176a176 176 0 01-209 173l-24 27a24 24 0 01-18 8h-37v40c0 13-11 24-24 24h-40v40c0 13-11 24-24 24H24c-13 0-24-11-24-24v-78c0-6 3-13 7-17l162-162a176 176 0 11343-55zm-176-48a48 48 0 1096 0 48 48 0 00-96 0z\"\/><\/svg><\/label>\r\n    <\/span>\r\n    <span style=\"display:none\">\r\n        <input type=\"text\" name=\"kc_honeypot\">\r\n    <\/span><\/span><\/span>\n\t\t<\/p>\n\t<\/div>\n\n <!-- \u63d0\u4ea4\u6309\u94ae -->\n\t<div class=\"form-submit-row\">\n\t\t<p><input class=\"wpcf7-form-control wpcf7-submit has-spinner uniform-submit\" type=\"submit\" value=\"ODESLAT ZPR\u00c1VU\" \/>\n\t\t<\/p>\n\t<\/div>\n<\/div><div class=\"wpcf7-response-output\" aria-hidden=\"true\"><\/div>\n<input type=\"hidden\" name=\"trp-form-language\" value=\"cs\"\/><\/form>\n<\/div>\n\n\t\t<\/div>\n\t\t\t\t\t<\/div>\n\n\t\n<\/div>\n\t\t<\/div>\n\n\t\t\n<style>\n#section_676884957 {\n  padding-top: 60px;\n  padding-bottom: 60px;\n}\n#section_676884957 .section-bg-overlay {\n  background-color: rgb(242, 242, 242);\n}\n<\/style>\n\t<\/section>\n\t\n\t<section class=\"section\" id=\"section_1526594036\">\n\t\t<div class=\"bg section-bg fill bg-fill  bg-loaded\" >\n\n\t\t\t\n\t\t\t\n\t\t\t\n\n\t\t<\/div>\n\n\t\t\n\n\t\t<div class=\"section-content relative\">\n\t\t\t\n<div class=\"row row-full-width align-center\"  id=\"row-1277413735\">\n\n\t<div id=\"col-995366855\" class=\"col small-12 large-12\"  >\n\t\t\t\t<div class=\"col-inner text-center\"  >\n\t\t\t\n\t\t\t\n<div class=\"container section-title-container\" ><h2 class=\"section-title section-title-center\"><b><\/b><span class=\"section-title-main\" style=\"color:rgb(38, 119, 11);\">ADRESA<\/span><b><\/b><\/h2><\/div>\n\n<p><iframe loading=\"lazy\" style=\"border: 0;\" src=\"https:\/\/www.google.com\/maps\/embed?pb=!1m14!1m12!1m3!1d570.5362371137569!2d113.82839247530629!3d22.68777560929496!2m3!1f0!2f0!3f0!3m2!1i1024!2i768!4f13.1!5e0!3m2!1sen!2s!4v1748515356905!5m2!1sen!2s\" width=\"1210\" height=\"450\" allowfullscreen=\"allowfullscreen\"><\/iframe><br \/>\n\n\t\t<\/div>\n\t\t\t\t\t<\/div>\n\n\t\n<\/div>\n\t\t<\/div>\n\n\t\t\n<style>\n#section_1526594036 {\n  padding-top: 30px;\n  padding-bottom: 30px;\n}\n<\/style>\n\t<\/section>","protected":false},"excerpt":{"rendered":"","protected":false},"author":3,"featured_media":0,"parent":0,"menu_order":0,"comment_status":"closed","ping_status":"closed","template":"page-blank.php","meta":{"footnotes":""},"class_list":["post-32","page","type-page","status-publish","hentry"],"yoast_head":"<!-- This site is optimized with the Yoast SEO plugin v27.4 - https:\/\/yoast.com\/product\/yoast-seo-wordpress\/ -->\n<title>Fale com a TELALED - Fabricante de LED Profissional desde 2003 | Suporte 24\/7<\/title>\n<meta name=\"description\" content=\"Equipe t\u00e9cnica dispon\u00edvel 24 horas \u2713 Atendimento em 6 idiomas \u2713 Solicite or\u00e7amento para pain\u00e9is LED personalizados. Exportamos para 102+ pa\u00edses com certifica\u00e7\u00f5es internacionais!\" \/>\n<meta name=\"robots\" content=\"index, follow, max-snippet:-1, max-image-preview:large, max-video-preview:-1\" \/>\n<link rel=\"canonical\" href=\"https:\/\/www.telaled.com\/cs\/contato\/\" \/>\n<meta property=\"og:locale\" content=\"cs_CZ\" \/>\n<meta property=\"og:type\" content=\"article\" \/>\n<meta property=\"og:title\" content=\"Fale com a TELALED - Fabricante de LED Profissional desde 2003 | Suporte 24\/7\" \/>\n<meta property=\"og:description\" content=\"Equipe t\u00e9cnica dispon\u00edvel 24 horas \u2713 Atendimento em 6 idiomas \u2713 Solicite or\u00e7amento para pain\u00e9is LED personalizados. Exportamos para 102+ pa\u00edses com certifica\u00e7\u00f5es internacionais!\" \/>\n<meta property=\"og:url\" content=\"https:\/\/www.telaled.com\/cs\/contato\/\" \/>\n<meta property=\"og:site_name\" content=\"TELALED\" \/>\n<meta property=\"article:modified_time\" content=\"2025-07-18T10:27:51+00:00\" \/>\n<meta name=\"twitter:card\" content=\"summary_large_image\" \/>\n<meta name=\"twitter:label1\" content=\"Est. reading time\" \/>\n\t<meta name=\"twitter:data1\" content=\"1 minuta\" \/>\n<script type=\"application\/ld+json\" class=\"yoast-schema-graph\">{\"@context\":\"https:\\\/\\\/schema.org\",\"@graph\":[{\"@type\":\"WebPage\",\"@id\":\"https:\\\/\\\/www.telaled.com\\\/contato\\\/\",\"url\":\"https:\\\/\\\/www.telaled.com\\\/contato\\\/\",\"name\":\"Fale com a TELALED - Fabricante de LED Profissional desde 2003 | Suporte 24\\\/7\",\"isPartOf\":{\"@id\":\"https:\\\/\\\/www.telaled.com\\\/#website\"},\"datePublished\":\"2023-03-05T10:42:28+00:00\",\"dateModified\":\"2025-07-18T10:27:51+00:00\",\"description\":\"Equipe t\u00e9cnica dispon\u00edvel 24 horas \u2713 Atendimento em 6 idiomas \u2713 Solicite or\u00e7amento para pain\u00e9is LED personalizados. Exportamos para 102+ pa\u00edses com certifica\u00e7\u00f5es internacionais!\",\"breadcrumb\":{\"@id\":\"https:\\\/\\\/www.telaled.com\\\/contato\\\/#breadcrumb\"},\"inLanguage\":\"cs\",\"potentialAction\":[{\"@type\":\"ReadAction\",\"target\":[\"https:\\\/\\\/www.telaled.com\\\/contato\\\/\"]}]},{\"@type\":\"BreadcrumbList\",\"@id\":\"https:\\\/\\\/www.telaled.com\\\/contato\\\/#breadcrumb\",\"itemListElement\":[{\"@type\":\"ListItem\",\"position\":1,\"name\":\"Home\",\"item\":\"https:\\\/\\\/www.telaled.com\\\/\"},{\"@type\":\"ListItem\",\"position\":2,\"name\":\"Contato\"}]},{\"@type\":\"WebSite\",\"@id\":\"https:\\\/\\\/www.telaled.com\\\/#website\",\"url\":\"https:\\\/\\\/www.telaled.com\\\/\",\"name\":\"TELALED\",\"description\":\"\",\"potentialAction\":[{\"@type\":\"SearchAction\",\"target\":{\"@type\":\"EntryPoint\",\"urlTemplate\":\"https:\\\/\\\/www.telaled.com\\\/?s={search_term_string}\"},\"query-input\":{\"@type\":\"PropertyValueSpecification\",\"valueRequired\":true,\"valueName\":\"search_term_string\"}}],\"inLanguage\":\"cs\"}]}<\/script>\n<!-- \/ Yoast SEO plugin. -->","yoast_head_json":{"title":"Kontaktujte TELALED - Profesion\u00e1ln\u00ed v\u00fdrobce LED diod od roku 2003 | Podpora 24\/7","description":"Technick\u00fd t\u00fdm k dispozici 24 hodin denn\u011b, 7 dn\u00ed v t\u00fddnu \u2713 Podpora v 6 jazyc\u00edch \u2713 Vy\u017e\u00e1dejte si cenovou nab\u00eddku na LED panely na m\u00edru. Vyv\u00e1\u017e\u00edme do v\u00edce ne\u017e 102 zem\u00ed s mezin\u00e1rodn\u00edmi certifikacemi!","robots":{"index":"index","follow":"follow","max-snippet":"max-snippet:-1","max-image-preview":"max-image-preview:large","max-video-preview":"max-video-preview:-1"},"canonical":"https:\/\/www.telaled.com\/cs\/contato\/","og_locale":"cs_CZ","og_type":"article","og_title":"Fale com a TELALED - Fabricante de LED Profissional desde 2003 | Suporte 24\/7","og_description":"Equipe t\u00e9cnica dispon\u00edvel 24 horas \u2713 Atendimento em 6 idiomas \u2713 Solicite or\u00e7amento para pain\u00e9is LED personalizados. Exportamos para 102+ pa\u00edses com certifica\u00e7\u00f5es internacionais!","og_url":"https:\/\/www.telaled.com\/cs\/contato\/","og_site_name":"TELALED","article_modified_time":"2025-07-18T10:27:51+00:00","twitter_card":"summary_large_image","twitter_misc":{"Est. reading time":"1 minuta"},"schema":{"@context":"https:\/\/schema.org","@graph":[{"@type":"WebPage","@id":"https:\/\/www.telaled.com\/contato\/","url":"https:\/\/www.telaled.com\/contato\/","name":"Kontaktujte TELALED - Profesion\u00e1ln\u00ed v\u00fdrobce LED diod od roku 2003 | Podpora 24\/7","isPartOf":{"@id":"https:\/\/www.telaled.com\/#website"},"datePublished":"2023-03-05T10:42:28+00:00","dateModified":"2025-07-18T10:27:51+00:00","description":"Technick\u00fd t\u00fdm k dispozici 24 hodin denn\u011b, 7 dn\u00ed v t\u00fddnu \u2713 Podpora v 6 jazyc\u00edch \u2713 Vy\u017e\u00e1dejte si cenovou nab\u00eddku na LED panely na m\u00edru. Vyv\u00e1\u017e\u00edme do v\u00edce ne\u017e 102 zem\u00ed s mezin\u00e1rodn\u00edmi certifikacemi!","breadcrumb":{"@id":"https:\/\/www.telaled.com\/contato\/#breadcrumb"},"inLanguage":"cs","potentialAction":[{"@type":"ReadAction","target":["https:\/\/www.telaled.com\/contato\/"]}]},{"@type":"BreadcrumbList","@id":"https:\/\/www.telaled.com\/contato\/#breadcrumb","itemListElement":[{"@type":"ListItem","position":1,"name":"Home","item":"https:\/\/www.telaled.com\/"},{"@type":"ListItem","position":2,"name":"Contato"}]},{"@type":"WebSite","@id":"https:\/\/www.telaled.com\/#website","url":"https:\/\/www.telaled.com\/","name":"LED obrazovka","description":"","potentialAction":[{"@type":"SearchAction","target":{"@type":"EntryPoint","urlTemplate":"https:\/\/www.telaled.com\/?s={search_term_string}"},"query-input":{"@type":"PropertyValueSpecification","valueRequired":true,"valueName":"search_term_string"}}],"inLanguage":"cs"}]}},"_links":{"self":[{"href":"https:\/\/www.telaled.com\/cs\/wp-json\/wp\/v2\/pages\/32","targetHints":{"allow":["GET"]}}],"collection":[{"href":"https:\/\/www.telaled.com\/cs\/wp-json\/wp\/v2\/pages"}],"about":[{"href":"https:\/\/www.telaled.com\/cs\/wp-json\/wp\/v2\/types\/page"}],"author":[{"embeddable":true,"href":"https:\/\/www.telaled.com\/cs\/wp-json\/wp\/v2\/users\/3"}],"replies":[{"embeddable":true,"href":"https:\/\/www.telaled.com\/cs\/wp-json\/wp\/v2\/comments?post=32"}],"version-history":[{"count":12,"href":"https:\/\/www.telaled.com\/cs\/wp-json\/wp\/v2\/pages\/32\/revisions"}],"predecessor-version":[{"id":2653,"href":"https:\/\/www.telaled.com\/cs\/wp-json\/wp\/v2\/pages\/32\/revisions\/2653"}],"wp:attachment":[{"href":"https:\/\/www.telaled.com\/cs\/wp-json\/wp\/v2\/media?parent=32"}],"curies":[{"name":"wp","href":"https:\/\/api.w.org\/{rel}","templated":true}]}}